{"id":103,"date":"2017-08-14T08:43:32","date_gmt":"2017-08-14T06:43:32","guid":{"rendered":"https:\/\/www.weindl-metall.de\/?page_id=103"},"modified":"2017-08-14T08:43:32","modified_gmt":"2017-08-14T06:43:32","slug":"barrierefreies-wohnen","status":"publish","type":"page","link":"https:\/\/weindl-metall.de\/index.php\/ueber-uns\/leistungssprektrum\/barrierefreies-wohnen\/","title":{"rendered":"Barrierefreies Wohnen"},"content":{"rendered":"<p>Viele Menschen, die durch Unfall oder Krankheit mit einer Gehbehinderung k\u00e4mpfen, leben oft in r\u00e4umlichen Verh\u00e4ltnissen, die nicht Ihren Bed\u00fcrfnissen angepasst sind. Schwellen, zu enge T\u00fcren, Treppen werden zu teils un\u00fcberwindbaren Hindernissen. Durch einfache Umbauten an kritischen Punkten kann die Wohnqualit\u00e4t erheblich verbessert werden.<\/p>\n<p>Wir helfen Ihnen gerne, Ihr Leben zu vereinfachen! Bewegen sie sich wieder frei in Ihrem Haus \u2013 unn\u00f6tige Barrieren werden von uns beseitigt und durch intelligente L\u00f6sungen ersetzt. (Unser Tipp: Erkundigen Sie sich nach Zusch\u00fcssen bei Ihrer Krankenkasse!)<\/p>\n<p>Das k\u00f6nnen wir f\u00fcr Sie tun: T\u00fcrschwellenbeseitigung; Breitere Zimmert\u00fcren f\u00fcr ein besseres Durchkommen; Auffahrtsrampen zu Ihrer Haust\u00fcre oder Ihrer Terrasse; T\u00fcren, die sich elektrisch \u00f6ffnen und schlie\u00dfen lassen; T\u00fcren ohne bzw. mit geringer Sockeltiefe.<\/p>\n<p>Bitte sprechen Sie uns an, wir besuchen Sie gerne unverbindlich, um Sie vor Ort zu informieren, welche Ma\u00dfnahmen speziell in Ihrem Haus oder Ihrer Wohnung m\u00f6glich sind.<\/p>\n","protected":false},"excerpt":{"rendered":"<p>Viele Menschen, die durch Unfall oder Krankheit mit einer Gehbehinderung k\u00e4mpfen, leben oft in r\u00e4umlichen Verh\u00e4ltnissen, die nicht Ihren Bed\u00fcrfnissen angepasst sind. Schwellen, zu enge T\u00fcren, Treppen werden zu teils un\u00fcberwindbaren Hindernissen. Durch einfache Umbauten an kritischen Punkten kann die Wohnqualit\u00e4t erheblich verbessert werden. Wir helfen Ihnen gerne, Ihr Leben zu vereinfachen! Bewegen sie sich [&hellip;]<\/p>\n","protected":false},"author":1,"featured_media":0,"parent":112,"menu_order":0,"comment_status":"closed","ping_status":"closed","template":"","meta":{"footnotes":""},"class_list":["post-103","page","type-page","status-publish","hentry"],"_links":{"self":[{"href":"https:\/\/weindl-metall.de\/index.php\/wp-json\/wp\/v2\/pages\/103","targetHints":{"allow":["GET"]}}],"collection":[{"href":"https:\/\/weindl-metall.de\/index.php\/wp-json\/wp\/v2\/pages"}],"about":[{"href":"https:\/\/weindl-metall.de\/index.php\/wp-json\/wp\/v2\/types\/page"}],"author":[{"embeddable":true,"href":"https:\/\/weindl-metall.de\/index.php\/wp-json\/wp\/v2\/users\/1"}],"replies":[{"embeddable":true,"href":"https:\/\/weindl-metall.de\/index.php\/wp-json\/wp\/v2\/comments?post=103"}],"version-history":[{"count":0,"href":"https:\/\/weindl-metall.de\/index.php\/wp-json\/wp\/v2\/pages\/103\/revisions"}],"up":[{"embeddable":true,"href":"https:\/\/weindl-metall.de\/index.php\/wp-json\/wp\/v2\/pages\/112"}],"wp:attachment":[{"href":"https:\/\/weindl-metall.de\/index.php\/wp-json\/wp\/v2\/media?parent=103"}],"curies":[{"name":"wp","href":"https:\/\/api.w.org\/{rel}","templated":true}]}}