{"id":112,"date":"2017-09-05T08:27:57","date_gmt":"2017-09-05T06:27:57","guid":{"rendered":"https:\/\/www.weindl-metall.de\/?page_id=112"},"modified":"2017-09-05T08:27:57","modified_gmt":"2017-09-05T06:27:57","slug":"leistungssprektrum","status":"publish","type":"page","link":"https:\/\/weindl-metall.de\/index.php\/ueber-uns\/leistungssprektrum\/","title":{"rendered":"Leistungssprektrum"},"content":{"rendered":"<p><strong>FENSTER<\/strong><\/p>\n<p><a href=\"https:\/\/www.weindl-metall.de\/ueber-uns\/leistungssprektrum\/fenster\/\"><img loading=\"lazy\" decoding=\"async\" class=\"alignnone size-full wp-image-701\" src=\"https:\/\/weindl-metall.de\/wp-content\/uploads\/2018\/03\/Fenster.png\" alt=\"\" width=\"205\" height=\"70\" \/><\/a><\/p>\n<p><strong>HAUST\u00dcREN<\/strong><\/p>\n<p><a href=\"https:\/\/www.weindl-metall.de\/ueber-uns\/leistungssprektrum\/haustueren\/\"><img loading=\"lazy\" decoding=\"async\" class=\"alignnone size-full wp-image-705\" src=\"https:\/\/weindl-metall.de\/wp-content\/uploads\/2018\/03\/Haustuer.png\" alt=\"\" width=\"201\" height=\"70\" \/><\/a><\/p>\n<p><strong>VORD\u00c4CHER<\/strong><\/p>\n<p><img loading=\"lazy\" decoding=\"async\" class=\"alignnone size-full wp-image-708\" src=\"https:\/\/weindl-metall.de\/wp-content\/uploads\/2018\/03\/Vordach.png\" alt=\"\" width=\"203\" height=\"70\" \/><\/p>\n<p><strong>TORE<\/strong><br \/>\nIhren Designw\u00fcnschen sind keine Grenzen gesetzt&#8230;<\/p>\n<p>Wir fertigen und montieren Tore in unserer Werkstatt f\u00fcr jeden Einsatzzweck (modern und klassisch) in Norm- und Sondergr\u00f6\u00dfen mit und ohne Torantrieb. Unsere kraftbetriebenen Tore entsprechend den neuesten Sicherheitsstandards. Dazu bieten wir Ihnen viele Zusatzoptionen: z. B. Funkfernbedienungen f\u00fcr Ihr Garagentor oder Aktivierung der Au\u00dfenbeleuchtung. Sie werden sehen: Mit dem passenden Elektroantrieb mit Funkfernbedienung wird Ihr Tor zu einem Komforttor!<\/p>\n<p><strong>Z\u00c4UNE<\/strong><br \/>\nVerbinden Sie Langlebigkeit mit \u00c4sthetik \u2013 bei uns finden Sie eine gro\u00dfe Auswahl an attraktiven Umz\u00e4unungen f\u00fcr Ihr Grundst\u00fcck.<\/p>\n<p>Neben einer Vielzahl von selbst gefertigten Toren bieten wir Ihnen funktionale und hochwertige Z\u00e4une an. Ihr Zaun von uns ist ein Unikat, d.h. wir fertigen jeden Zaun fachgerecht nach Ihren W\u00fcnschen und Bed\u00fcrfnissen in unserem Betrieb an.<\/p>\n<p>Eine besonders harmonische Verbindung ergibt sich aus der Kombination von Granits\u00e4ulen mit Metallzaun-Elementen. Mit Rat und Tat stehen wir Ihnen als kompetenter Partner bei der Auswahl und Montage der geeigneten Materialien zur Seite.<\/p>\n<p><strong>GARTENT\u00dcREN<\/strong><br \/>\nEine sch\u00f6ne, passende Gartent\u00fcr wertet das Erscheinungsbild Ihres Anwesens deutlich auf. Ob modern, rustikal oder elegant, wir fertigen Gartent\u00fcren &#8220;f\u00fcr&#8217;s Leben&#8221; auf h\u00f6chstem Qualit\u00e4tsniveau.<\/p>\n<p>Bei Fragen zu einzelnen Produkten oder Leistungen erstellen wir Ihnen gerne ein unverbindliches Angebot. \u00dcberzeugen Sie sich von unserem ausgezeichneten Preis- Leistungsverh\u00e4ltnis!<\/p>\n<p><strong>MARKISEN<\/strong><br \/>\nMachen Sie jeden Tag von Fr\u00fchling bis Herbst Urlaub auf Ihrer Terrasse!<\/p>\n<p>Durch unsere Markisen haben Sie nicht nur optimalen Sonnenschutz auf Terrasse, Balkon oder Wintergarten: Sie erweitern Ihr Haus um eine zus\u00e4tzliche Wohnfl\u00e4che im Freien!<\/p>\n<p>Markisen sch\u00fctzen optimal vor Mittagshitze, Abendsonne oder Regen. Wir bieten Ihnen eine gro\u00dfe Auswahl an verschiedensten Markisentypen und Markisent\u00fcchern \u2013 stellen Sie bei uns Ihre Traummarkise zusammen!<\/p>\n<p>Unsere Qualit\u00e4tsmarkisen der Marke Erhardt sind attraktiv, langlebig und gen\u00fcgen h\u00f6chsten Anspr\u00fcchen. Selbstverst\u00e4ndlich montieren wir Ihre Markise fachgerecht und sorgen damit f\u00fcr optimalen Halt und ein langes Markisenleben &#8211; z.B. Sunsilk-Tuch mit Nanoeffekt d.h. extrem Schmutz- und Wasserabweisend, h\u00f6chst rei\u00dffest, h\u00f6chste UV Licht- und Wetterechtheit.<\/p>\n<p><strong>BESCHATTUNGEN<\/strong><br \/>\n&#8230;verl\u00e4ngern Sie Ihre Zeit im Freien durch spezielle Zusatzausstattungen f\u00fcr Ihre Terasse:<\/p>\n<p>Machen Sie es sich bequem \u2013 Elektromotoren erleichtern Ihnen das Ein- und Ausfahren. Per Funksender oder durch eine intelligente Wetterautomatik k\u00f6nnen Sie alles komfortabel und sicher steuern. Mittels Licht und Heizstrahler schaffen Sie eine wohlige Atmosph\u00e4re.<\/p>\n<p>Zum Beispiel mit einer Seitenmarkise schaffen Sie ganz flexible, seitliche Begrenzungen f\u00fcr Ihren Lieblingsplatz an der Sonne. Wir beraten Sie gerne ausf\u00fchrlich und finden mit Ihnen die perfekte L\u00f6sung.<\/p>\n<p><strong>TERRASSEN\u00dcBERDACHUNG<\/strong><br \/>\n\u00dcberdachungen aus Stahl- und Aluminium-Profilen erm\u00f6glichen eine besonders langlebige, filigrane und statisch sichere Bauweise im Gegensatz zu Holzkonstruktionen.<\/p>\n<p>Stahl und Glas harmonieren in besonderer Weise und bieten Ihnen Schutz vor Wind und Wetter. Wir bieten Ihnen pulverbeschichtete Konstruktionen (Auswahl von mehr als 700 RAL Farbt\u00f6nen) passend zu Ihrem Haus an.<\/p>\n<p><strong>STAHLBAU<\/strong><br \/>\nUnsere Leistungen im Stahlbau Freitragende Stahl- Treppenkonstruktionen<\/p>\n<p>Carports<br \/>\nMessebau<br \/>\nFluchtleitern \/ Feuertreppen<br \/>\nZwischenb\u00f6den \/ Trennw\u00e4nde<br \/>\n\u00dcberdachte Abfahrten an Tiefgaragen<\/p>\n<p>Umbauten und Reparaturen an Geb\u00e4uden und Maschinen<\/p>\n<p><strong>EDELSTAHL VERARBEITUNG<\/strong><br \/>\nDie Verarbeitung von Edelstahl setzt umfangreiches Fachwissen und K\u00f6nnen \u00fcber dessen Eigenschaften voraus.<\/p>\n<p>Wir verf\u00fcgen \u00fcber jahrzehntelange Erfahrung im Umgang mit diesem anspruchsvollen Material und bieten Ihnen Edelstahlverarbeitung von gr\u00f6\u00dftm\u00f6glicher Sorgfalt und Pr\u00e4zision.<\/p>\n<p><strong>BARRIEREFREIES WOHNEN<\/strong><br \/>\nViele Menschen, die durch Unfall oder Krankheit mit einer Gehbehinderung k\u00e4mpfen, leben oft in r\u00e4umlichen Verh\u00e4ltnissen, die nicht Ihren Bed\u00fcrfnissen angepasst sind. Schwellen, zu enge T\u00fcren, Treppen werden zu teils un\u00fcberwindbaren Hindernissen. Durch einfache Umbauten an kritischen Punkten kann die Wohnqualit\u00e4t erheblich verbessert werden.<\/p>\n<p>Wir helfen Ihnen gerne, Ihr Leben zu vereinfachen! Bewegen sie sich wieder frei in Ihrem Haus \u2013 unn\u00f6tige Barrieren werden von uns beseitigt und durch intelligente L\u00f6sungen ersetzt. (Unser Tipp: Erkundigen Sie sich nach Zusch\u00fcssen bei Ihrer Krankenkasse!)<\/p>\n<p>Das k\u00f6nnen wir f\u00fcr Sie tun: T\u00fcrschwellenbeseitigung; Breitere Zimmert\u00fcren f\u00fcr ein besseres Durchkommen; Auffahrtsrampen zu Ihrer Haust\u00fcre oder Ihrer Terrasse; T\u00fcren, die sich elektrisch \u00f6ffnen und schlie\u00dfen lassen; T\u00fcren ohne bzw. mit geringer Sockeltiefe.<\/p>\n<p>Bitte sprechen Sie uns an, wir besuchen Sie gerne unverbindlich, um Sie vor Ort zu informieren, welche Ma\u00dfnahmen speziell in Ihrem Haus oder Ihrer Wohnung m\u00f6glich sind.<\/p>\n","protected":false},"excerpt":{"rendered":"<p>FENSTER HAUST\u00dcREN VORD\u00c4CHER TORE Ihren Designw\u00fcnschen sind keine Grenzen gesetzt&#8230; Wir fertigen und montieren Tore in unserer Werkstatt f\u00fcr jeden Einsatzzweck (modern und klassisch) in Norm- und Sondergr\u00f6\u00dfen mit und ohne Torantrieb. Unsere kraftbetriebenen Tore entsprechend den neuesten Sicherheitsstandards. Dazu bieten wir Ihnen viele Zusatzoptionen: z. B. Funkfernbedienungen f\u00fcr Ihr Garagentor oder Aktivierung der Au\u00dfenbeleuchtung. [&hellip;]<\/p>\n","protected":false},"author":1,"featured_media":0,"parent":60,"menu_order":0,"comment_status":"closed","ping_status":"closed","template":"","meta":{"footnotes":""},"class_list":["post-112","page","type-page","status-publish","hentry"],"_links":{"self":[{"href":"https:\/\/weindl-metall.de\/index.php\/wp-json\/wp\/v2\/pages\/112","targetHints":{"allow":["GET"]}}],"collection":[{"href":"https:\/\/weindl-metall.de\/index.php\/wp-json\/wp\/v2\/pages"}],"about":[{"href":"https:\/\/weindl-metall.de\/index.php\/wp-json\/wp\/v2\/types\/page"}],"author":[{"embeddable":true,"href":"https:\/\/weindl-metall.de\/index.php\/wp-json\/wp\/v2\/users\/1"}],"replies":[{"embeddable":true,"href":"https:\/\/weindl-metall.de\/index.php\/wp-json\/wp\/v2\/comments?post=112"}],"version-history":[{"count":0,"href":"https:\/\/weindl-metall.de\/index.php\/wp-json\/wp\/v2\/pages\/112\/revisions"}],"up":[{"embeddable":true,"href":"https:\/\/weindl-metall.de\/index.php\/wp-json\/wp\/v2\/pages\/60"}],"wp:attachment":[{"href":"https:\/\/weindl-metall.de\/index.php\/wp-json\/wp\/v2\/media?parent=112"}],"curies":[{"name":"wp","href":"https:\/\/api.w.org\/{rel}","templated":true}]}}