{"id":116,"date":"2017-09-05T08:36:46","date_gmt":"2017-09-05T06:36:46","guid":{"rendered":"https:\/\/www.weindl-metall.de\/?page_id=116"},"modified":"2017-09-05T08:36:46","modified_gmt":"2017-09-05T06:36:46","slug":"toranlagen","status":"publish","type":"page","link":"https:\/\/weindl-metall.de\/index.php\/unsere-produkte\/toranlagen\/","title":{"rendered":"Toranlagen"},"content":{"rendered":"<p>Ihren Designw\u00fcnschen sind keine Grenzen gesetzt&#8230; Wir fertigen und montieren Tore in unserer Werkstatt f\u00fcr jeden Einsatzzweck (modern und klassisch) in Norm- und Sondergr\u00f6\u00dfen mit und ohne Torantrieb. Unsere kraftbetriebenen Tore entsprechend den neuesten Sicherheitsstandards. Dazu bieten wir Ihnen viele Zusatzoptionen: z. B. Funkfernbedienungen f\u00fcr Ihr Garagentor oder Aktivierung der Au\u00dfenbeleuchtung. Sie werden sehen: Mit dem passenden Elektroantrieb mit Funkfernbedienung wird Ihr Tor zu einem Komforttor!<\/p>\n<p>Unsere Projekte:<\/p>\n<p>[tlpportfolio id=&#8221;732&#8243; title=&#8221;Toranlagen&#8221;]<\/p>\n","protected":false},"excerpt":{"rendered":"<p>Ihren Designw\u00fcnschen sind keine Grenzen gesetzt&#8230; Wir fertigen und montieren Tore in unserer Werkstatt f\u00fcr jeden Einsatzzweck (modern und klassisch) in Norm- und Sondergr\u00f6\u00dfen mit und ohne Torantrieb. Unsere kraftbetriebenen Tore entsprechend den neuesten Sicherheitsstandards. Dazu bieten wir Ihnen viele Zusatzoptionen: z. B. Funkfernbedienungen f\u00fcr Ihr Garagentor oder Aktivierung der Au\u00dfenbeleuchtung. Sie werden sehen: Mit [&hellip;]<\/p>\n","protected":false},"author":1,"featured_media":0,"parent":105,"menu_order":0,"comment_status":"closed","ping_status":"closed","template":"","meta":{"footnotes":""},"class_list":["post-116","page","type-page","status-publish","hentry"],"_links":{"self":[{"href":"https:\/\/weindl-metall.de\/index.php\/wp-json\/wp\/v2\/pages\/116","targetHints":{"allow":["GET"]}}],"collection":[{"href":"https:\/\/weindl-metall.de\/index.php\/wp-json\/wp\/v2\/pages"}],"about":[{"href":"https:\/\/weindl-metall.de\/index.php\/wp-json\/wp\/v2\/types\/page"}],"author":[{"embeddable":true,"href":"https:\/\/weindl-metall.de\/index.php\/wp-json\/wp\/v2\/users\/1"}],"replies":[{"embeddable":true,"href":"https:\/\/weindl-metall.de\/index.php\/wp-json\/wp\/v2\/comments?post=116"}],"version-history":[{"count":0,"href":"https:\/\/weindl-metall.de\/index.php\/wp-json\/wp\/v2\/pages\/116\/revisions"}],"up":[{"embeddable":true,"href":"https:\/\/weindl-metall.de\/index.php\/wp-json\/wp\/v2\/pages\/105"}],"wp:attachment":[{"href":"https:\/\/weindl-metall.de\/index.php\/wp-json\/wp\/v2\/media?parent=116"}],"curies":[{"name":"wp","href":"https:\/\/api.w.org\/{rel}","templated":true}]}}