{"id":1268,"date":"2018-12-07T10:47:31","date_gmt":"2018-12-07T09:47:31","guid":{"rendered":"https:\/\/www.weindl-metall.de\/?page_id=1268"},"modified":"2025-03-21T09:21:39","modified_gmt":"2025-03-21T08:21:39","slug":"komm-in-unser-team-metallbauer-in-konstruktionstechnik","status":"publish","type":"page","link":"https:\/\/weindl-metall.de\/index.php\/komm-in-unser-team-metallbauer-in-konstruktionstechnik\/","title":{"rendered":"Komm in unser Team (Metallbauer\/in Konstruktionstechnik)"},"content":{"rendered":"\n<style type=\"text\/css\" data-created_by=\"avia_inline_auto\" id=\"style-css-av-lta33b6u-b7df0da368695db6e61a0df74850167d\">\n#top .av-special-heading.av-lta33b6u-b7df0da368695db6e61a0df74850167d{\npadding-bottom:10px;\n}\nbody .av-special-heading.av-lta33b6u-b7df0da368695db6e61a0df74850167d .av-special-heading-tag .heading-char{\nfont-size:25px;\n}\n.av-special-heading.av-lta33b6u-b7df0da368695db6e61a0df74850167d .av-subheading{\nfont-size:15px;\n}\n<\/style>\n<div  class='av-special-heading av-lta33b6u-b7df0da368695db6e61a0df74850167d av-special-heading-h3 blockquote modern-quote modern-centered  avia-builder-el-0  el_before_av_section  avia-builder-el-no-sibling '><h3 class='av-special-heading-tag'  itemprop=\"headline\"  >Komm in unser Team (Metallbauer\/in Konstruktionstechnik)<\/h3><div class=\"special-heading-border\"><div class=\"special-heading-inner-border\"><\/div><\/div><\/div>\n<\/div><\/div><\/div><!-- close content main div --><\/div><\/div>\n<style type=\"text\/css\" data-created_by=\"avia_inline_auto\" id=\"style-css-av-ltfzcpnw-0bf8453a45b94b8b7dff31d9b24e9e21\">\n.avia-section.av-ltfzcpnw-0bf8453a45b94b8b7dff31d9b24e9e21{\nbackground-color:#004983;\nbackground-image:unset;\n}\n<\/style>\n<div id='av_section_1'  class='avia-section av-ltfzcpnw-0bf8453a45b94b8b7dff31d9b24e9e21 main_color avia-section-default avia-no-border-styling  avia-builder-el-1  el_after_av_heading  el_before_av_heading  avia-bg-style-scroll container_wrap sidebar_right'  ><div class='container av-section-cont-open' ><div class='template-page content  av-content-small alpha units'><div class='post-entry post-entry-type-page post-entry-1268'><div class='entry-content-wrapper clearfix'>\n<section  class='av_textblock_section av-lta35mrp-ea04c810a10205c1f81d8a1023fbe11b '   itemscope=\"itemscope\" itemtype=\"https:\/\/schema.org\/CreativeWork\" ><div class='avia_textblock'  itemprop=\"text\" ><p style=\"font-weight: 400;\"><span style=\"color: #ffffff;\">Wir suchen zum n\u00e4chstm\u00f6glichen Zeitpunkt\u00a0eine\/n Metallbauer\/in Konstruktionstechnik (m\/w\/d)<\/span><\/p>\n<p style=\"font-weight: 400;\"><span style=\"color: #ffffff;\">\u00dcber uns:<\/span><\/p>\n<p style=\"font-weight: 400;\"><span style=\"color: #ffffff;\">Wir fertigen und Montieren Metallkonstruktionen wie z.B. Balkonanlagen -Balkongel\u00e4nder, \u00a0Sonnenschutz, Treppenanlagen und Treppengel\u00e4nder, Gartenz\u00e4unen oder Tore usw. \u00a0Du arbeitest in einem famili\u00e4ren Team, \u00a0wo wir stets Wert bei unseren Metallbauarbeiten auf eine genaue und saubere Arbeitsweise legen. Zusammen mit der Verwendung von qualitativ hochwertigen Materialien garantieren wir unseren Kunden einwandfreie Ergebnisse, die auch noch nach vielen Jahren Freude machen.<\/span><\/p>\n<p style=\"font-weight: 400;\"><span style=\"color: #ffffff;\">Unser Betrieb besteht bereits seit \u00fcber 55 Jahren und sind auch nach DIN EN 9010 Zertifiziert<\/span><\/p>\n<p style=\"font-weight: 400;\"><span style=\"color: #ffffff;\">Unsere Anforderungen:<\/span><\/p>\n<ul style=\"font-weight: 400;\">\n<li><span style=\"color: #ffffff;\">Fertigen verschiedener Konstruktionen aus Stahl nach Kundenwunsch<\/span><\/li>\n<li><span style=\"color: #ffffff;\">Abwechselnde T\u00e4tigkeiten durch Arbeiten im Betrieb und auf Baustellen<\/span><\/li>\n<li><span style=\"color: #ffffff;\">Bereitschaft f\u00fcr Montaget\u00e4tigkeiten im Umkreis (<em>keine ausw\u00e4rtigen \u00dcbernachtungen<\/em>)<\/span><\/li>\n<li><span style=\"color: #ffffff;\">Be- und Verarbeitung von Konstruktionen<\/span><\/li>\n<li><span style=\"color: #ffffff;\">Instandhaltung<\/span><\/li>\n<\/ul>\n<p style=\"font-weight: 400;\"><span style=\"color: #ffffff;\">Deine Voraussetzung:<\/span><\/p>\n<ul style=\"font-weight: 400;\">\n<li><span style=\"color: #ffffff;\">Abgeschlossene Berufsausbildung im Bereich Metallbau<\/span><\/li>\n<li><span style=\"color: #ffffff;\">Idealerweise mit Berufserfahrung<\/span><\/li>\n<li><span style=\"color: #ffffff;\">R\u00e4umliches Vorstellungsverm\u00f6gen<\/span><\/li>\n<li><span style=\"color: #ffffff;\">Technisches Verst\u00e4ndnis<\/span><\/li>\n<li><span style=\"color: #ffffff;\">K\u00f6rperlich belastbar<\/span><\/li>\n<li><span style=\"color: #ffffff;\">Schwindelfrei<\/span><\/li>\n<li><span style=\"color: #ffffff;\">Motivation<\/span><\/li>\n<\/ul>\n<p style=\"font-weight: 400;\"><span style=\"color: #ffffff;\">Wir bieten:<\/span><\/p>\n<ul style=\"font-weight: 400;\">\n<li><span style=\"color: #ffffff;\">Geregelte Arbeitszeiten<\/span><\/li>\n<li><span style=\"color: #ffffff;\">Im Wechsel alle 2 Wochen eine 4 Tage Woche<\/span><\/li>\n<li><span style=\"color: #ffffff;\">Gestellte Arbeitskleidung<\/span><\/li>\n<li><span style=\"color: #ffffff;\">eine famili\u00e4re Atmosph\u00e4re<\/span><\/li>\n<li><span style=\"color: #ffffff;\">Faire Bezahlung<\/span><\/li>\n<\/ul>\n<\/div><\/section>\n<\/div><\/div><\/div><!-- close content main div --><\/div><\/div><div id='after_section_1'  class='main_color av_default_container_wrap container_wrap sidebar_right'  ><div class='container av-section-cont-open' ><div class='template-page content  av-content-small alpha units'><div class='post-entry post-entry-type-page post-entry-1268'><div class='entry-content-wrapper clearfix'>\n<style type=\"text\/css\" data-created_by=\"avia_inline_auto\" id=\"style-css-av-ltfzevpr-34e768d0f57b67768130320380918675\">\n#top .av-special-heading.av-ltfzevpr-34e768d0f57b67768130320380918675{\npadding-bottom:10px;\n}\nbody .av-special-heading.av-ltfzevpr-34e768d0f57b67768130320380918675 .av-special-heading-tag .heading-char{\nfont-size:25px;\n}\n.av-special-heading.av-ltfzevpr-34e768d0f57b67768130320380918675 .av-subheading{\nfont-size:15px;\n}\n<\/style>\n<div  class='av-special-heading av-ltfzevpr-34e768d0f57b67768130320380918675 av-special-heading-h3 blockquote modern-quote modern-centered  avia-builder-el-3  el_after_av_section  el_before_av_textblock  avia-builder-el-first '><h3 class='av-special-heading-tag'  itemprop=\"headline\"  >Ausserdem suchen wir zum Start des neuen Ausbildungsjahres 2024 einen Azubi im Bereich Metallbauer \/ Konstruktionstechnik <\/h3><div class='av-subheading av-subheading_below'><p>und f\u00fcr alle die noch nicht ganz genau wissen was man da so macht haben wir hier noch ein bisschen was zum lesen&#8230;.<\/p>\n<\/div><div class=\"special-heading-border\"><div class=\"special-heading-inner-border\"><\/div><\/div><\/div><\/p>\n<section  class='av_textblock_section av-lta38ft5-0fddd42bbff9653fa96beaec684dacc1 '   itemscope=\"itemscope\" itemtype=\"https:\/\/schema.org\/CreativeWork\" ><div class='avia_textblock'  itemprop=\"text\" ><div><\/div>\n<div><\/div>\n<div>Beim Berufsbild des Metallbauers&#8230;<\/div>\n<div><\/div>\n<div>&#8230; gibt es verschiedene Fachrichtungen, die auf spezifische T\u00e4tigkeitsbereiche ausgerichtet sind. Im Einzelnen sind das die Fachrichtungen.<\/div>\n<div><\/div>\n<div><strong>1.Fachrichtung \u201eKonstruktionstechnik\u201c<\/strong> ist der typische Beruf des Schlossers. Metallbauer der Fachrichtung Konstruktion arbeiten Haupts\u00e4chlich an der Herstellung und Montage von Metallkonstruktionen wie Treppengel\u00e4nder und Balkongel\u00e4nder, Treppen und Balkonanlagen Gartenz\u00e4une den Bau von Stahlhallen \/ Wohngeb\u00e4uden, Br\u00fccken usw.<\/div>\n<div><\/div>\n<div><strong>2.Fachrichtung \u201eMetallgestaltung\u201c<\/strong> ist der typische Beruf des Schmiedes. Metallbauer der Fachrichtung Metallgestaltung sind kreativ t\u00e4tig und stellen schmiedeeiserene Metallgegenst\u00e4nde wie alte und modernen schmiedeeiserne Gel\u00e4nder, Gitter Skulpturen oder M\u00f6bel her. \u00a0Metallgestalter arbeiten h\u00e4ufig im Bereich des Denkmalschutzes und der Renovierung von historischen Geb\u00e4uden.<\/div>\n<div><\/div>\n<div><\/div>\n<div><strong>3.Fachrichtung \u201eNutzfahrzeugbau\u201c<\/strong> ist wie der Name schon sagt f\u00fcr den Bau und die Wartung von Metallteilen bei Kommunalen Fahrzeugen, Lastwagen und Bussen zust\u00e4ndig. Ebenso werden in dieser Fachrichtung Tank und Silofahrzeuge, Anh\u00e4nger, Spezial Sattelauflieger f\u00fcr den Schwertransport oder f\u00fcr L\u00f6schfahrzeuge auf Flugh\u00e4fen \u00a0hergestellt.<\/div>\n<div><\/div>\n<div><\/div>\n<div><\/div>\n<div>Abschlie\u00dfend kann man sagen das jede Fachrichtung spezifische F\u00e4higkeiten und Kenntnisse erfordert, aber es durchaus \u00dcberschneidungen zwischen den einzelnen Fachrichtungen gibt. So m\u00fcssen alle Metallbauer den Umgang mit Schwei\u00dfger\u00e4ten, Bohrmaschinen, Drehb\u00e4nken, Fr\u00e4smaschinen usw. beherrschen und w\u00e4hrend der Ausbildung ausreichend Fachkenntnisse erlangen.<\/div>\n<div><\/div>\n<div><strong>Wir wollen uns hier den Beruf des Metallbauers in der<\/strong><\/div>\n<div><strong>Fachrichtung \u201eKonstruktionstechnik\u201c ein wenig genauer ansehen. \u00a0<\/strong><\/div>\n<div><\/div>\n<div>Dies ist genau der Ausbildungsberuf den Ihr bei mir in meinem Betrieb erlernen k\u00f6nnt.<\/div>\n<div><\/div>\n<div>In dem Wort Konstruktionstechnik ist das Wort \u201eKonstruktion\u201c enthalten, und sagt genau dass aus, was wir herstellen. N\u00e4mlich Metallkonstruktionen verschiedenster Art. Dazu geh\u00f6ren beispielsweise Treppen, Gel\u00e4nder, Balkonanlagen, Toranlagen, Gartenz\u00e4une, kleine (z.B Carport) und gro\u00dfe Stahlkonstruktionen f\u00fcr Geb\u00e4ude oder ganze Stahlhallen (Industriehallen oder B\u00fcrogeb\u00e4ude).<\/div>\n<div><\/div>\n<div>Metallhandwerker arbeiten oft im Team und m\u00fcssen pr\u00e4zise nach technischen Zeichnungen arbeiten. Es ist ein vielseitiger Beruf, der sowohl im Werkstatt- als auch im Montagebereich auf Baustellen ausge\u00fcbt werden kann. Wo fr\u00fcher viel Kraft und Ausdauer bei der Herstellung notwendig war, hat in dem Beruf auch die Technik Einzug gehalten. in der Werkstatt werden schwere Eisentr\u00e4ger mit Stapler und Krananlagen bewegt Hydraulikpressen helfen beim Ausrichten von Tr\u00e4gern in der Werkstatt. Auf Baustellen bzw. bei Montagearbeiten, werden schwere Gel\u00e4nder und Stahl Konstruktionen mit Hilfe von Autokran, speziellen Raupenkr\u00e4nen usw. an Ort und Stelle gehoben.<\/div>\n<div><\/div>\n<div>Die Ausbildung zum Metallbauer in der Fachrichtung Konstruktionstechnik dauert in der Regel 3,5 Jahre. W\u00e4hrend dieser Zeit werden die Auszubildenden in verschiedenen Bereichen des Metallhandwerks ausgebildet, wie zum Beispiel in der Herstellung, Montage und Instandhaltung von Metallkonstruktionen. \u00a0Mittlerweile ist die Ausbildung aber so vielseitig geworden, so dass der Metallbauer vermehrt auch mit anderen Werkstoffen als Metall in Ber\u00fchrung kommt und diese Eigenverantwortlich montiert.<\/div>\n<div>So ein Baustoff ist z.B Glas. Glas wird im Metallhandwerk haupts\u00e4chlich verbaut bei Glasgel\u00e4ndern, einer Mischkonstruktion aus Metall und Glas. Ebenso bei Haus Eingangsvord\u00e4chern, Terrassend\u00e4cher und Glasfassaden.<\/div>\n<div>Ein weiterer Werkstoff, den wir immer wieder verbauen ist Holz. Aus Holz fertigen wir die F\u00fcllung f\u00fcr Sichtschutzw\u00e4nden, die seitliche Einhausung von Carport mit Holzlatten, und Holzstufen f\u00fcr freitragende Treppenanlagen.<\/div>\n<div>Selbst Holzfaser Verbundwerkstoffe werden von uns f\u00fcr Bodenbel\u00e4ge bei Balkonanlagen, als F\u00fcllung von Sichtschutzw\u00e4nden und Fassaden verbaut.<\/div>\n<div>Ja sogar Stein verbaut der Metallbauer. Wo?? z.B. als Zaun und Tors\u00e4ulen bei Gartenz\u00e4une.<\/div>\n<div><\/div>\n<div><\/div>\n<div><\/div>\n<div>Wie Ihr seht, ist eine Ausbildung im Metallhandwerk sehr vielseitig. Man bekommt auch viel von anderen Gewerken mit auf die wir aufbauen m\u00fcssen, oder die an unsere Bauteile anschlie\u00dfen m\u00fcssen. So wird ein Handwerksberuf sehr vielseitig und dadurch interessant.<\/div>\n<div><\/div>\n<div><\/div>\n<div><\/div>\n<div><\/div>\n<div>Die Ausbildung zum Schlosser erfolgt im dualen System. Das hei\u00dft, die Auszubildenden absolvieren sowohl praktische Phasen im Betrieb als auch theoretische Phasen in der Berufsschule und in der Handwerkskammer als \u00dcberbetriebliche Ausbildungsbl\u00f6cke. Nach erfolgreichem Abschluss der Ausbildung k\u00f6nnen die Absolventen als qualifizierte Metallbauer in der Fachrichtung Konstruktionstechnik arbeiten, die Meisterschule machen und sogar ein Studium ist dann m\u00f6glich.<\/div>\n<div><\/div>\n<div><\/div>\n<div>Um den Beruf des Metallbauers mit der Fachrichtung Konstruktionstechnik erlernen zu k\u00f6nnen, brauchen unsere Auszubildenden\/ Auszubildende gewisse Voraussetzungen in k\u00f6rperlicher, in schulischer und sonstiger Hinsicht.<\/div>\n<div><\/div>\n<div><\/div>\n<div><strong>Die k\u00f6rperlichen Voraussetzungen sind:<\/strong><\/div>\n<div>\u27a2Schwindelfrei<\/div>\n<div>\u27a2keine H\u00f6henangst<\/div>\n<div>\u27a2keine Allergien gegen Staub, \u00d6le, Fette Harze usw.<\/div>\n<div>\u27a2idealerweise k\u00f6rperliche Fitness, da die Arbeit auch mal anstrengend sein kann<\/div>\n<div>\u27a2K\u00f6rperlich belastbar<\/div>\n<div><\/div>\n<div><\/div>\n<div><\/div>\n<div><strong>Die schulischen Voraussetzungen sind:<\/strong><\/div>\n<div>\u27a2Qualifizierender Abschluss<\/div>\n<div>\u27a2Mittlere Reife<\/div>\n<div><\/div>\n<div><\/div>\n<div><\/div>\n<div><strong>Sonstige wichtige Voraussetzung sind:<\/strong><\/div>\n<div>\u27a2Handwerkliches Geschick<\/div>\n<div>\u27a2R\u00e4umliches Vorstellungsverm\u00f6gen<\/div>\n<div>\u27a2Technisches Verst\u00e4ndnis<\/div>\n<div>\u27a2Teamf\u00e4higkeit<\/div>\n<div>\u27a2Flexibilit\u00e4t auf die unterschiedlichen Anforderungen einzugehen<\/div>\n<div>\u27a2Spa\u00df und Freude im Umgang mit Metall<\/div>\n<div><\/div>\n<div><\/div>\n<div><\/div>\n<div><\/div>\n<div><\/div>\n<div><\/div>\n<div>Am Ende des Vortrages m\u00f6chte ich meine Firma kurz vorstellen.<\/div>\n<div><\/div>\n<div>Die Firma Josef Weindl GmbH ist ein Familienbetrieb mit derzeit 4 Facharbeiter (Gesellen) und 1 Lehrling in der Werkstatt. Im B\u00fcro arbeiten 1 techn. Zeichnerin und 1B\u00fcrokaufrau meine Frau in der Buchhaltung und ich als Bindeglied zwischen Kunde, B\u00fcro und Werkstatt.<\/div>\n<div>Die Firma wurde 1970 von meinem Vater und meiner Mutter in Mainburg in der Garage (meiner Gro\u00dfeltern) als Werkstattgeb\u00e4ude ger\u00fcndet. Mein Vater hat noch das Handwerk des Schmied erlernt. Seit dieser Zeit fertigten wir die Eingangs schon erw\u00e4hnten typischen Metallbauteile im Schlosserhandwerk. Seit aller Anfang hat mein Vater Lehrlinge ausgebildet. Dies war ihm immer ein wichtiges Anliegen. Den ohne Nachwuchs stirbt irgendwann der sch\u00f6nste Beruf aus. So wurde schon 1 Jahr nach der Firmengr\u00fcndung 1971 der erste Lehrling eingestellt und ausgebildet. Im Laufe der Zeit wuchs unser Betrieb mit abwechselndem Personal stetig weiter und die Kundschaft kam nicht nur mehr aus Mainburg.<\/div>\n<div>Im Jahr 1980 habe ich nach dem qualifizierten Hauptschulabschluss im elterlichen Betrieb ganz klassisch meine Ausbildung zum Schlosser begonnen. Nach erfolgreichem Abschluss meiner Ausbildung zum Schlosser, habe ich 1986 die Meisterschule besucht und diese erfolgreich als Meister und Schwei\u00dffachmann abgeschlossen. Da mir sehr viel an unserem Handwerk liegt, habe ich 1989 beschlossen als Sachverst\u00e4ndiger bei Streitigkeiten den Richter bei Gericht in seiner Urteilfindung zu Unterst\u00fctzen. Dazu musste ich vor der Handwerkskammer mit einer Pr\u00fcfung meine besondere Sachkunde im Metallhandwerk nachweisen. Seit dieser Zeit bin ich auch vor Gericht immer wieder bei Rechtsstreitigkeiten als Sachverst\u00e4ndiger zugange.<\/div>\n<div>2005 war es dann so weit und meine Eltern \u00fcbergaben aus Altersgr\u00fcnden die Firma an mich. Seit dieser Zeit bin nun der Chef. Auch mir ist die Ausbildung im Handwerk und nat\u00fcrlich speziell in meinen Beruf sehr wichtig. Der Fachkr\u00e4ftemangel von dem Ihr sicherlich schon geh\u00f6rt und oder gelesen habt, betrifft auch uns Handwerker und nat\u00fcrlich auch meine Firma. Daher sind wir immer auf der Suche nach neuen Auszubildende\/innen und Fachkr\u00e4ften die Lust und Bock haben einen sehr sch\u00f6nen Beruf kennen zu lernen.<\/div>\n<div>Wo au\u00dfer im Handwerk ist es schon m\u00f6glich, vom ersten Kundengespr\u00e4ch \u00fcber fertige Pl\u00e4ne, der rohen Eisenstange oder Stahltr\u00e4ger bis hin zum fertig montierten designten Bauteil (Gel\u00e4nder, Skulpturen, Balkonanlagen und Treppenanlagen usw. \u00a0teilweise alles selber zu fertigen und am Bauk\u00f6rper anzubringen oder in selbst gefertigte Bausteile in Aktion(z.B. Motorgesteuerte Toranlagen) \u00a0zu sehen.<\/div>\n<div>Meine Genugtuung ist, an alten Baustellen vorbei zu fahren und sagen zu k\u00f6nnen, \u201eschau her\u201c das habe ICH\/ WIR gebaut, evtl. auch und trotz der Herausvorderung die es ab und an zu meistern galt.<\/div>\n<div>Dies erf\u00fcllt mich und ich kann auch sagen unsere Angestellten mit Stolz. Der Beweis dazu ist, dass jeder meiner Jungs in der Werkstatt und auch unsere techn. Zeichnerin immer wieder Bilder von der Baustelle machen und diese dann im Freundes und Bekanntenkreis herzeigen.<\/div>\n<div><\/div>\n<div>Weil ich immer Jungs rede! Es ist nat\u00fcrlich auch den M\u00e4dchen m\u00f6glich diesen sch\u00f6nen Beruf zu erlernen. Man darf halt keine Barbiepuppe sein. Es w\u00e4re auch ein gro\u00dfer Wunsch von mir, wenn ich einem oder mehreren M\u00e4dchen den Beruf beibringen d\u00fcrfte.<\/div>\n<div><\/div>\n<\/div><\/section>\n","protected":false},"excerpt":{"rendered":"","protected":false},"author":1,"featured_media":0,"parent":0,"menu_order":0,"comment_status":"closed","ping_status":"closed","template":"","meta":{"footnotes":""},"class_list":["post-1268","page","type-page","status-publish","hentry"],"_links":{"self":[{"href":"https:\/\/weindl-metall.de\/index.php\/wp-json\/wp\/v2\/pages\/1268","targetHints":{"allow":["GET"]}}],"collection":[{"href":"https:\/\/weindl-metall.de\/index.php\/wp-json\/wp\/v2\/pages"}],"about":[{"href":"https:\/\/weindl-metall.de\/index.php\/wp-json\/wp\/v2\/types\/page"}],"author":[{"embeddable":true,"href":"https:\/\/weindl-metall.de\/index.php\/wp-json\/wp\/v2\/users\/1"}],"replies":[{"embeddable":true,"href":"https:\/\/weindl-metall.de\/index.php\/wp-json\/wp\/v2\/comments?post=1268"}],"version-history":[{"count":11,"href":"https:\/\/weindl-metall.de\/index.php\/wp-json\/wp\/v2\/pages\/1268\/revisions"}],"predecessor-version":[{"id":2095,"href":"https:\/\/weindl-metall.de\/index.php\/wp-json\/wp\/v2\/pages\/1268\/revisions\/2095"}],"wp:attachment":[{"href":"https:\/\/weindl-metall.de\/index.php\/wp-json\/wp\/v2\/media?parent=1268"}],"curies":[{"name":"wp","href":"https:\/\/api.w.org\/{rel}","templated":true}]}}