{"id":1526,"date":"2024-02-13T10:11:33","date_gmt":"2024-02-13T09:11:33","guid":{"rendered":"http:\/\/wordpress.p660431.webspaceconfig.de\/?page_id=1526"},"modified":"2024-02-13T11:16:32","modified_gmt":"2024-02-13T10:16:32","slug":"sommergarten","status":"publish","type":"page","link":"https:\/\/weindl-metall.de\/index.php\/sommergarten\/","title":{"rendered":"Sommergarten"},"content":{"rendered":"\n<style type=\"text\/css\" data-created_by=\"avia_inline_auto\" id=\"style-css-av-lsk7fgv3-2ebd8f045d0d77ae95e2ed09cae82651\">\n#top .av-special-heading.av-lsk7fgv3-2ebd8f045d0d77ae95e2ed09cae82651{\npadding-bottom:10px;\n}\nbody .av-special-heading.av-lsk7fgv3-2ebd8f045d0d77ae95e2ed09cae82651 .av-special-heading-tag .heading-char{\nfont-size:25px;\n}\n.av-special-heading.av-lsk7fgv3-2ebd8f045d0d77ae95e2ed09cae82651 .av-subheading{\nfont-size:15px;\n}\n<\/style>\n<div  class='av-special-heading av-lsk7fgv3-2ebd8f045d0d77ae95e2ed09cae82651 av-special-heading-h1 blockquote modern-quote modern-centered  avia-builder-el-0  el_before_av_one_full  avia-builder-el-first '><h1 class='av-special-heading-tag'  itemprop=\"headline\"  >Sommergarten<\/h1><div class=\"special-heading-border\"><div class=\"special-heading-inner-border\"><\/div><\/div><\/div>\n<div  class='flex_column av-4nn1za-6c752a3a90e2b087301347cf6ba34696 av_one_full  avia-builder-el-1  el_after_av_heading  el_before_av_textblock  first flex_column_div  '     ><div  class='avia-video av-lsk6usdl-40c4f869c90baf9979bc9ddc4b1497c8 avia-video-16-9 av-no-preview-image avia-video-load-always avia-video-html5'  itemprop=\"video\" itemtype=\"https:\/\/schema.org\/VideoObject\"  data-original_url='https:\/\/weindl-metall.de\/wp-content\/uploads\/2024\/02\/DiashowWeindl.mp4'><video class='avia_video'  autoplay playsinline loop preload=\"metadata\" muted controls id='player_1526_1695387841_1190520824'><source src='https:\/\/weindl-metall.de\/wp-content\/uploads\/2024\/02\/DiashowWeindl.mp4' type='video\/mp4' \/><\/video><\/div><\/div>\n<section  class='av_textblock_section av-35a6g6-6fd34e2ca1ccf2d80bb06be6154e5a74 '   itemscope=\"itemscope\" itemtype=\"https:\/\/schema.org\/CreativeWork\" ><div class='avia_textblock'  itemprop=\"text\" ><p>Ein Wintergarten und ein Sommergarten bieten beide einzigartige M\u00f6glichkeiten, die Natur das ganze Jahr \u00fcber zu genie\u00dfen, jedoch auf unterschiedliche Weise.<\/p>\n<p>Ein Wintergarten ist ein Raum, der dazu entworfen wurde, auch in den k\u00e4lteren Monaten warm und gem\u00fctlich zu sein. Er besteht oft aus Glasw\u00e4nden und einem Dach, das Sonnenlicht einf\u00e4ngt und den Raum erw\u00e4rmt. In einem Wintergarten k\u00f6nnen Sie Pflanzen kultivieren, die normalerweise nicht den kalten Temperaturen im Freien standhalten w\u00fcrden, und so eine gr\u00fcne Oase inmitten des Winters schaffen. Es ist ein Ort, an dem man sich zur\u00fcckziehen kann, um dem grauen Wetter zu entfliehen und die Sch\u00f6nheit der Natur zu genie\u00dfen, w\u00e4hrend man warm und komfortabel bleibt.<\/p>\n<p>Im Gegensatz dazu ist ein Sommergarten ein Bereich im Freien, der speziell darauf ausgerichtet ist, die warmen und sonnigen Tage des Sommers zu maximieren. Er kann verschiedene Elemente wie Terrassen, Veranden, Terrassen\u00fcberdachungen oder Pavillons umfassen und ist oft mit Pflanzen, Blumen und m\u00f6glicherweise einem Gem\u00fcsegarten geschm\u00fcckt. Ein Sommergarten l\u00e4dt dazu ein, im Freien zu entspannen, zu essen, zu feiern und die langen Tage und lauen N\u00e4chte des Sommers zu genie\u00dfen. Es ist ein Ort, an dem man die frische Luft, die bl\u00fchende Natur und die Geselligkeit mit Familie und Freunden voll auskosten kann.<\/p>\n<p>Sowohl der Wintergarten als auch der Sommergarten bieten eine Verbindung zur Natur und schaffen einen harmonischen Raum, der es erm\u00f6glicht, die Jahreszeiten in ihrer vollen Pracht zu erleben. Ob Sie nun die W\u00e4rme und Gem\u00fctlichkeit des Winters oder die Helligkeit und Lebendigkeit des Sommers bevorzugen, diese beiden Arten von G\u00e4rten bieten eine einladende Umgebung, um die Sch\u00f6nheit der Natur zu genie\u00dfen, unabh\u00e4ngig von der Jahreszeit.<\/p>\n<\/div><\/section>\n<\/div><\/div><\/div><!-- close content main div --><\/div><\/div><div id='av_section_1'  class='avia-section av-8s6cm-c44263a7e70a7d2ced2187470754c8e5 main_color avia-section-default avia-no-border-styling  avia-builder-el-4  el_after_av_textblock  avia-builder-el-last  avia-bg-style-scroll container_wrap sidebar_right'  ><div class='container av-section-cont-open' ><div class='template-page content  av-content-small alpha units'><div class='post-entry post-entry-type-page post-entry-1526'><div class='entry-content-wrapper clearfix'>\n<div id='av-masonry-1' class='av-masonry av-lsk7icvv-b37207fe9b3c301a6d1c7202e10e5447 noHover av-flex-size av-large-gap av-hover-overlay-active av-masonry-animation- av-masonry-col-flexible av-caption-always av-caption-style- av-masonry-gallery ' data-post_id=\"1526\"><div class=\"av-masonry-container isotope av-js-disabled\"><div class='av-masonry-entry isotope-item av-masonry-item-no-image '><\/div><a href=\"https:\/\/weindl-metall.de\/wp-content\/uploads\/2024\/02\/003-1030x773.jpg\" data-srcset=\"https:\/\/weindl-metall.de\/wp-content\/uploads\/2024\/02\/003-1030x773.jpg 1030w, https:\/\/weindl-metall.de\/wp-content\/uploads\/2024\/02\/003-300x225.jpg 300w, https:\/\/weindl-metall.de\/wp-content\/uploads\/2024\/02\/003-768x576.jpg 768w, https:\/\/weindl-metall.de\/wp-content\/uploads\/2024\/02\/003-1536x1152.jpg 1536w, https:\/\/weindl-metall.de\/wp-content\/uploads\/2024\/02\/003-2048x1536.jpg 2048w, https:\/\/weindl-metall.de\/wp-content\/uploads\/2024\/02\/003-1500x1125.jpg 1500w, https:\/\/weindl-metall.de\/wp-content\/uploads\/2024\/02\/003-705x529.jpg 705w\" data-sizes=\"(max-width: 1030px) 100vw, 1030px\"  aria-label=\"image 003\"  id='av-masonry-1-item-1550' data-av-masonry-item='1550' class='av-masonry-entry isotope-item post-1550 attachment type-attachment status-inherit hentry  av-masonry-item-with-image' title=\"003\" alt=\"\"    itemprop=\"thumbnailUrl\" ><div class='av-inner-masonry-sizer'><\/div><figure class='av-inner-masonry main_color'><div class=\"av-masonry-outerimage-container\"><div class='av-masonry-image-container'   ><img decoding=\"async\" width=\"705\" height=\"529\" class=\"wp-image-1550 avia-img-lazy-loading-not-1550\"  src=\"https:\/\/weindl-metall.de\/wp-content\/uploads\/2024\/02\/003-705x529.jpg\" title=\"003\" alt=\"\" srcset=\"https:\/\/weindl-metall.de\/wp-content\/uploads\/2024\/02\/003-705x529.jpg 705w, https:\/\/weindl-metall.de\/wp-content\/uploads\/2024\/02\/003-300x225.jpg 300w, https:\/\/weindl-metall.de\/wp-content\/uploads\/2024\/02\/003-1030x773.jpg 1030w, https:\/\/weindl-metall.de\/wp-content\/uploads\/2024\/02\/003-768x576.jpg 768w, https:\/\/weindl-metall.de\/wp-content\/uploads\/2024\/02\/003-1536x1152.jpg 1536w, https:\/\/weindl-metall.de\/wp-content\/uploads\/2024\/02\/003-2048x1536.jpg 2048w, https:\/\/weindl-metall.de\/wp-content\/uploads\/2024\/02\/003-1500x1125.jpg 1500w\" sizes=\"(max-width: 705px) 100vw, 705px\" \/><\/div><\/div><figcaption class='av-inner-masonry-content site-background'><div class='av-inner-masonry-content-pos'><div class='av-inner-masonry-content-pos-content'><div class='avia-arrow'><\/div><\/div><\/div><\/figcaption><\/figure><\/a><!--end av-masonry entry--><a href=\"https:\/\/weindl-metall.de\/wp-content\/uploads\/2024\/02\/15.05.2014-112-1030x773.jpg\" data-srcset=\"https:\/\/weindl-metall.de\/wp-content\/uploads\/2024\/02\/15.05.2014-112-1030x773.jpg 1030w, https:\/\/weindl-metall.de\/wp-content\/uploads\/2024\/02\/15.05.2014-112-300x225.jpg 300w, https:\/\/weindl-metall.de\/wp-content\/uploads\/2024\/02\/15.05.2014-112-768x576.jpg 768w, https:\/\/weindl-metall.de\/wp-content\/uploads\/2024\/02\/15.05.2014-112-1536x1152.jpg 1536w, https:\/\/weindl-metall.de\/wp-content\/uploads\/2024\/02\/15.05.2014-112-2048x1536.jpg 2048w, https:\/\/weindl-metall.de\/wp-content\/uploads\/2024\/02\/15.05.2014-112-1500x1125.jpg 1500w, https:\/\/weindl-metall.de\/wp-content\/uploads\/2024\/02\/15.05.2014-112-705x529.jpg 705w\" data-sizes=\"(max-width: 1030px) 100vw, 1030px\"  aria-label=\"image 15.05.2014 112\"  id='av-masonry-1-item-1551' data-av-masonry-item='1551' class='av-masonry-entry isotope-item post-1551 attachment type-attachment status-inherit hentry  av-masonry-item-with-image' title=\"15.05.2014 112\" alt=\"\"    itemprop=\"thumbnailUrl\" ><div class='av-inner-masonry-sizer'><\/div><figure class='av-inner-masonry main_color'><div class=\"av-masonry-outerimage-container\"><div class='av-masonry-image-container'   ><img decoding=\"async\" width=\"705\" height=\"529\" class=\"wp-image-1551 avia-img-lazy-loading-not-1551\"  src=\"https:\/\/weindl-metall.de\/wp-content\/uploads\/2024\/02\/15.05.2014-112-705x529.jpg\" title=\"15.05.2014 112\" alt=\"\" srcset=\"https:\/\/weindl-metall.de\/wp-content\/uploads\/2024\/02\/15.05.2014-112-705x529.jpg 705w, https:\/\/weindl-metall.de\/wp-content\/uploads\/2024\/02\/15.05.2014-112-300x225.jpg 300w, https:\/\/weindl-metall.de\/wp-content\/uploads\/2024\/02\/15.05.2014-112-1030x773.jpg 1030w, https:\/\/weindl-metall.de\/wp-content\/uploads\/2024\/02\/15.05.2014-112-768x576.jpg 768w, https:\/\/weindl-metall.de\/wp-content\/uploads\/2024\/02\/15.05.2014-112-1536x1152.jpg 1536w, https:\/\/weindl-metall.de\/wp-content\/uploads\/2024\/02\/15.05.2014-112-2048x1536.jpg 2048w, https:\/\/weindl-metall.de\/wp-content\/uploads\/2024\/02\/15.05.2014-112-1500x1125.jpg 1500w\" sizes=\"(max-width: 705px) 100vw, 705px\" \/><\/div><\/div><figcaption class='av-inner-masonry-content site-background'><div class='av-inner-masonry-content-pos'><div class='av-inner-masonry-content-pos-content'><div class='avia-arrow'><\/div><\/div><\/div><\/figcaption><\/figure><\/a><!--end av-masonry entry--><a href=\"https:\/\/weindl-metall.de\/wp-content\/uploads\/2024\/02\/15.05.2014-113-1030x773.jpg\" data-srcset=\"https:\/\/weindl-metall.de\/wp-content\/uploads\/2024\/02\/15.05.2014-113-1030x773.jpg 1030w, https:\/\/weindl-metall.de\/wp-content\/uploads\/2024\/02\/15.05.2014-113-300x225.jpg 300w, https:\/\/weindl-metall.de\/wp-content\/uploads\/2024\/02\/15.05.2014-113-768x576.jpg 768w, https:\/\/weindl-metall.de\/wp-content\/uploads\/2024\/02\/15.05.2014-113-1536x1152.jpg 1536w, https:\/\/weindl-metall.de\/wp-content\/uploads\/2024\/02\/15.05.2014-113-2048x1536.jpg 2048w, https:\/\/weindl-metall.de\/wp-content\/uploads\/2024\/02\/15.05.2014-113-1500x1125.jpg 1500w, https:\/\/weindl-metall.de\/wp-content\/uploads\/2024\/02\/15.05.2014-113-705x529.jpg 705w\" data-sizes=\"(max-width: 1030px) 100vw, 1030px\"  aria-label=\"image 15.05.2014 113\"  id='av-masonry-1-item-1552' data-av-masonry-item='1552' class='av-masonry-entry isotope-item post-1552 attachment type-attachment status-inherit hentry  av-masonry-item-with-image' title=\"15.05.2014 113\" alt=\"\"    itemprop=\"thumbnailUrl\" ><div class='av-inner-masonry-sizer'><\/div><figure class='av-inner-masonry main_color'><div class=\"av-masonry-outerimage-container\"><div class='av-masonry-image-container'   ><img decoding=\"async\" width=\"705\" height=\"529\" class=\"wp-image-1552 avia-img-lazy-loading-not-1552\"  src=\"https:\/\/weindl-metall.de\/wp-content\/uploads\/2024\/02\/15.05.2014-113-705x529.jpg\" title=\"15.05.2014 113\" alt=\"\" srcset=\"https:\/\/weindl-metall.de\/wp-content\/uploads\/2024\/02\/15.05.2014-113-705x529.jpg 705w, https:\/\/weindl-metall.de\/wp-content\/uploads\/2024\/02\/15.05.2014-113-300x225.jpg 300w, https:\/\/weindl-metall.de\/wp-content\/uploads\/2024\/02\/15.05.2014-113-1030x773.jpg 1030w, https:\/\/weindl-metall.de\/wp-content\/uploads\/2024\/02\/15.05.2014-113-768x576.jpg 768w, https:\/\/weindl-metall.de\/wp-content\/uploads\/2024\/02\/15.05.2014-113-1536x1152.jpg 1536w, https:\/\/weindl-metall.de\/wp-content\/uploads\/2024\/02\/15.05.2014-113-2048x1536.jpg 2048w, https:\/\/weindl-metall.de\/wp-content\/uploads\/2024\/02\/15.05.2014-113-1500x1125.jpg 1500w\" sizes=\"(max-width: 705px) 100vw, 705px\" \/><\/div><\/div><figcaption class='av-inner-masonry-content site-background'><div class='av-inner-masonry-content-pos'><div class='av-inner-masonry-content-pos-content'><div class='avia-arrow'><\/div><\/div><\/div><\/figcaption><\/figure><\/a><!--end av-masonry entry--><a href=\"https:\/\/weindl-metall.de\/wp-content\/uploads\/2024\/02\/020-1030x773.jpg\" data-srcset=\"https:\/\/weindl-metall.de\/wp-content\/uploads\/2024\/02\/020-1030x773.jpg 1030w, https:\/\/weindl-metall.de\/wp-content\/uploads\/2024\/02\/020-300x225.jpg 300w, https:\/\/weindl-metall.de\/wp-content\/uploads\/2024\/02\/020-768x576.jpg 768w, https:\/\/weindl-metall.de\/wp-content\/uploads\/2024\/02\/020-1536x1152.jpg 1536w, https:\/\/weindl-metall.de\/wp-content\/uploads\/2024\/02\/020-2048x1536.jpg 2048w, https:\/\/weindl-metall.de\/wp-content\/uploads\/2024\/02\/020-1500x1125.jpg 1500w, https:\/\/weindl-metall.de\/wp-content\/uploads\/2024\/02\/020-705x529.jpg 705w\" data-sizes=\"(max-width: 1030px) 100vw, 1030px\"  aria-label=\"image 020\"  id='av-masonry-1-item-1553' data-av-masonry-item='1553' class='av-masonry-entry isotope-item post-1553 attachment type-attachment status-inherit hentry  av-masonry-item-with-image' title=\"020\" alt=\"\"    itemprop=\"thumbnailUrl\" ><div class='av-inner-masonry-sizer'><\/div><figure class='av-inner-masonry main_color'><div class=\"av-masonry-outerimage-container\"><div class='av-masonry-image-container'   ><img decoding=\"async\" width=\"705\" height=\"529\" class=\"wp-image-1553 avia-img-lazy-loading-not-1553\"  src=\"https:\/\/weindl-metall.de\/wp-content\/uploads\/2024\/02\/020-705x529.jpg\" title=\"020\" alt=\"\" srcset=\"https:\/\/weindl-metall.de\/wp-content\/uploads\/2024\/02\/020-705x529.jpg 705w, https:\/\/weindl-metall.de\/wp-content\/uploads\/2024\/02\/020-300x225.jpg 300w, https:\/\/weindl-metall.de\/wp-content\/uploads\/2024\/02\/020-1030x773.jpg 1030w, https:\/\/weindl-metall.de\/wp-content\/uploads\/2024\/02\/020-768x576.jpg 768w, https:\/\/weindl-metall.de\/wp-content\/uploads\/2024\/02\/020-1536x1152.jpg 1536w, https:\/\/weindl-metall.de\/wp-content\/uploads\/2024\/02\/020-2048x1536.jpg 2048w, https:\/\/weindl-metall.de\/wp-content\/uploads\/2024\/02\/020-1500x1125.jpg 1500w\" sizes=\"(max-width: 705px) 100vw, 705px\" \/><\/div><\/div><figcaption class='av-inner-masonry-content site-background'><div class='av-inner-masonry-content-pos'><div class='av-inner-masonry-content-pos-content'><div class='avia-arrow'><\/div><div class='av-masonry-entry-content entry-content'  itemprop=\"text\" >ZU<\/div><\/div><\/div><\/figcaption><\/figure><\/a><!--end av-masonry entry--><a href=\"https:\/\/weindl-metall.de\/wp-content\/uploads\/2024\/02\/IMG_3532-1030x773.jpg\" data-srcset=\"https:\/\/weindl-metall.de\/wp-content\/uploads\/2024\/02\/IMG_3532-1030x773.jpg 1030w, https:\/\/weindl-metall.de\/wp-content\/uploads\/2024\/02\/IMG_3532-300x225.jpg 300w, https:\/\/weindl-metall.de\/wp-content\/uploads\/2024\/02\/IMG_3532-768x576.jpg 768w, https:\/\/weindl-metall.de\/wp-content\/uploads\/2024\/02\/IMG_3532-1536x1152.jpg 1536w, https:\/\/weindl-metall.de\/wp-content\/uploads\/2024\/02\/IMG_3532-2048x1536.jpg 2048w, https:\/\/weindl-metall.de\/wp-content\/uploads\/2024\/02\/IMG_3532-1500x1125.jpg 1500w, https:\/\/weindl-metall.de\/wp-content\/uploads\/2024\/02\/IMG_3532-705x529.jpg 705w\" data-sizes=\"(max-width: 1030px) 100vw, 1030px\"  aria-label=\"image IMG_3532\"  id='av-masonry-1-item-1554' data-av-masonry-item='1554' class='av-masonry-entry isotope-item post-1554 attachment type-attachment status-inherit hentry  av-masonry-item-with-image' title=\"IMG_3532\" alt=\"\"    itemprop=\"thumbnailUrl\" ><div class='av-inner-masonry-sizer'><\/div><figure class='av-inner-masonry main_color'><div class=\"av-masonry-outerimage-container\"><div class='av-masonry-image-container'   ><img decoding=\"async\" width=\"705\" height=\"529\" class=\"wp-image-1554 avia-img-lazy-loading-not-1554\"  src=\"https:\/\/weindl-metall.de\/wp-content\/uploads\/2024\/02\/IMG_3532-705x529.jpg\" title=\"IMG_3532\" alt=\"\" srcset=\"https:\/\/weindl-metall.de\/wp-content\/uploads\/2024\/02\/IMG_3532-705x529.jpg 705w, https:\/\/weindl-metall.de\/wp-content\/uploads\/2024\/02\/IMG_3532-300x225.jpg 300w, https:\/\/weindl-metall.de\/wp-content\/uploads\/2024\/02\/IMG_3532-1030x773.jpg 1030w, https:\/\/weindl-metall.de\/wp-content\/uploads\/2024\/02\/IMG_3532-768x576.jpg 768w, https:\/\/weindl-metall.de\/wp-content\/uploads\/2024\/02\/IMG_3532-1536x1152.jpg 1536w, https:\/\/weindl-metall.de\/wp-content\/uploads\/2024\/02\/IMG_3532-2048x1536.jpg 2048w, https:\/\/weindl-metall.de\/wp-content\/uploads\/2024\/02\/IMG_3532-1500x1125.jpg 1500w\" sizes=\"(max-width: 705px) 100vw, 705px\" \/><\/div><\/div><figcaption class='av-inner-masonry-content site-background'><div class='av-inner-masonry-content-pos'><div class='av-inner-masonry-content-pos-content'><div class='avia-arrow'><\/div><div class='av-masonry-entry-content entry-content'  itemprop=\"text\" >Offen Terrasse<\/div><\/div><\/div><\/figcaption><\/figure><\/a><!--end av-masonry entry--><a href=\"https:\/\/weindl-metall.de\/wp-content\/uploads\/2024\/02\/IMG_3562-1030x773.jpg\" data-srcset=\"https:\/\/weindl-metall.de\/wp-content\/uploads\/2024\/02\/IMG_3562-1030x773.jpg 1030w, https:\/\/weindl-metall.de\/wp-content\/uploads\/2024\/02\/IMG_3562-300x225.jpg 300w, https:\/\/weindl-metall.de\/wp-content\/uploads\/2024\/02\/IMG_3562-768x576.jpg 768w, https:\/\/weindl-metall.de\/wp-content\/uploads\/2024\/02\/IMG_3562-1536x1152.jpg 1536w, https:\/\/weindl-metall.de\/wp-content\/uploads\/2024\/02\/IMG_3562-2048x1536.jpg 2048w, https:\/\/weindl-metall.de\/wp-content\/uploads\/2024\/02\/IMG_3562-1500x1125.jpg 1500w, https:\/\/weindl-metall.de\/wp-content\/uploads\/2024\/02\/IMG_3562-705x529.jpg 705w\" data-sizes=\"(max-width: 1030px) 100vw, 1030px\"  aria-label=\"image IMG_3562\"  id='av-masonry-1-item-1555' data-av-masonry-item='1555' class='av-masonry-entry isotope-item post-1555 attachment type-attachment status-inherit hentry  av-masonry-item-with-image' title=\"IMG_3562\" alt=\"\"    itemprop=\"thumbnailUrl\" ><div class='av-inner-masonry-sizer'><\/div><figure class='av-inner-masonry main_color'><div class=\"av-masonry-outerimage-container\"><div class='av-masonry-image-container'   ><img decoding=\"async\" width=\"705\" height=\"529\" class=\"wp-image-1555 avia-img-lazy-loading-not-1555\"  src=\"https:\/\/weindl-metall.de\/wp-content\/uploads\/2024\/02\/IMG_3562-705x529.jpg\" title=\"IMG_3562\" alt=\"\" srcset=\"https:\/\/weindl-metall.de\/wp-content\/uploads\/2024\/02\/IMG_3562-705x529.jpg 705w, https:\/\/weindl-metall.de\/wp-content\/uploads\/2024\/02\/IMG_3562-300x225.jpg 300w, https:\/\/weindl-metall.de\/wp-content\/uploads\/2024\/02\/IMG_3562-1030x773.jpg 1030w, https:\/\/weindl-metall.de\/wp-content\/uploads\/2024\/02\/IMG_3562-768x576.jpg 768w, https:\/\/weindl-metall.de\/wp-content\/uploads\/2024\/02\/IMG_3562-1536x1152.jpg 1536w, https:\/\/weindl-metall.de\/wp-content\/uploads\/2024\/02\/IMG_3562-2048x1536.jpg 2048w, https:\/\/weindl-metall.de\/wp-content\/uploads\/2024\/02\/IMG_3562-1500x1125.jpg 1500w\" sizes=\"(max-width: 705px) 100vw, 705px\" \/><\/div><\/div><figcaption class='av-inner-masonry-content site-background'><div class='av-inner-masonry-content-pos'><div class='av-inner-masonry-content-pos-content'><div class='avia-arrow'><\/div><div class='av-masonry-entry-content entry-content'  itemprop=\"text\" >Terrasse 1<\/div><\/div><\/div><\/figcaption><\/figure><\/a><!--end av-masonry entry--><a href=\"https:\/\/weindl-metall.de\/wp-content\/uploads\/2024\/02\/Wipro_Diafano_AS-11-1030x773.jpg\" data-srcset=\"https:\/\/weindl-metall.de\/wp-content\/uploads\/2024\/02\/Wipro_Diafano_AS-11-1030x773.jpg 1030w, https:\/\/weindl-metall.de\/wp-content\/uploads\/2024\/02\/Wipro_Diafano_AS-11-300x225.jpg 300w, https:\/\/weindl-metall.de\/wp-content\/uploads\/2024\/02\/Wipro_Diafano_AS-11-768x576.jpg 768w, https:\/\/weindl-metall.de\/wp-content\/uploads\/2024\/02\/Wipro_Diafano_AS-11-1536x1152.jpg 1536w, https:\/\/weindl-metall.de\/wp-content\/uploads\/2024\/02\/Wipro_Diafano_AS-11-2048x1536.jpg 2048w, https:\/\/weindl-metall.de\/wp-content\/uploads\/2024\/02\/Wipro_Diafano_AS-11-1500x1125.jpg 1500w, https:\/\/weindl-metall.de\/wp-content\/uploads\/2024\/02\/Wipro_Diafano_AS-11-705x529.jpg 705w\" data-sizes=\"(max-width: 1030px) 100vw, 1030px\"  aria-label=\"image Wipro_Diafano_AS (11)\"  id='av-masonry-1-item-1556' data-av-masonry-item='1556' class='av-masonry-entry isotope-item post-1556 attachment type-attachment status-inherit hentry  av-masonry-item-with-image' title=\"Wipro_Diafano_AS (11)\" alt=\"\"    itemprop=\"thumbnailUrl\" ><div class='av-inner-masonry-sizer'><\/div><figure class='av-inner-masonry main_color'><div class=\"av-masonry-outerimage-container\"><div class='av-masonry-image-container'   ><img decoding=\"async\" width=\"705\" height=\"529\" class=\"wp-image-1556 avia-img-lazy-loading-not-1556\"  src=\"https:\/\/weindl-metall.de\/wp-content\/uploads\/2024\/02\/Wipro_Diafano_AS-11-705x529.jpg\" title=\"Wipro_Diafano_AS (11)\" alt=\"\" srcset=\"https:\/\/weindl-metall.de\/wp-content\/uploads\/2024\/02\/Wipro_Diafano_AS-11-705x529.jpg 705w, https:\/\/weindl-metall.de\/wp-content\/uploads\/2024\/02\/Wipro_Diafano_AS-11-300x225.jpg 300w, https:\/\/weindl-metall.de\/wp-content\/uploads\/2024\/02\/Wipro_Diafano_AS-11-1030x773.jpg 1030w, https:\/\/weindl-metall.de\/wp-content\/uploads\/2024\/02\/Wipro_Diafano_AS-11-768x576.jpg 768w, https:\/\/weindl-metall.de\/wp-content\/uploads\/2024\/02\/Wipro_Diafano_AS-11-1536x1152.jpg 1536w, https:\/\/weindl-metall.de\/wp-content\/uploads\/2024\/02\/Wipro_Diafano_AS-11-2048x1536.jpg 2048w, https:\/\/weindl-metall.de\/wp-content\/uploads\/2024\/02\/Wipro_Diafano_AS-11-1500x1125.jpg 1500w\" sizes=\"(max-width: 705px) 100vw, 705px\" \/><\/div><\/div><figcaption class='av-inner-masonry-content site-background'><div class='av-inner-masonry-content-pos'><div class='av-inner-masonry-content-pos-content'><div class='avia-arrow'><\/div><div class='av-masonry-entry-content entry-content'  itemprop=\"text\" >Terasse2<\/div><\/div><\/div><\/figcaption><\/figure><\/a><!--end av-masonry entry--><\/div><\/div>\n<\/div><\/div><\/div><!-- close content main div --><\/div><\/div><div id='after_section_1'  class='main_color av_default_container_wrap container_wrap sidebar_right'  ><div class='container av-section-cont-open' ><div class='template-page content  av-content-small alpha units'><div class='post-entry post-entry-type-page post-entry-1526'><div class='entry-content-wrapper clearfix'>\n","protected":false},"excerpt":{"rendered":"","protected":false},"author":1,"featured_media":0,"parent":0,"menu_order":0,"comment_status":"closed","ping_status":"closed","template":"","meta":{"footnotes":""},"class_list":["post-1526","page","type-page","status-publish","hentry"],"_links":{"self":[{"href":"https:\/\/weindl-metall.de\/index.php\/wp-json\/wp\/v2\/pages\/1526","targetHints":{"allow":["GET"]}}],"collection":[{"href":"https:\/\/weindl-metall.de\/index.php\/wp-json\/wp\/v2\/pages"}],"about":[{"href":"https:\/\/weindl-metall.de\/index.php\/wp-json\/wp\/v2\/types\/page"}],"author":[{"embeddable":true,"href":"https:\/\/weindl-metall.de\/index.php\/wp-json\/wp\/v2\/users\/1"}],"replies":[{"embeddable":true,"href":"https:\/\/weindl-metall.de\/index.php\/wp-json\/wp\/v2\/comments?post=1526"}],"version-history":[{"count":10,"href":"https:\/\/weindl-metall.de\/index.php\/wp-json\/wp\/v2\/pages\/1526\/revisions"}],"predecessor-version":[{"id":1559,"href":"https:\/\/weindl-metall.de\/index.php\/wp-json\/wp\/v2\/pages\/1526\/revisions\/1559"}],"wp:attachment":[{"href":"https:\/\/weindl-metall.de\/index.php\/wp-json\/wp\/v2\/media?parent=1526"}],"curies":[{"name":"wp","href":"https:\/\/api.w.org\/{rel}","templated":true}]}}