{"id":60,"date":"2017-08-14T08:29:34","date_gmt":"2017-08-14T06:29:34","guid":{"rendered":"https:\/\/www.weindl-metall.de\/?page_id=60"},"modified":"2024-02-23T08:28:13","modified_gmt":"2024-02-23T07:28:13","slug":"ueber-uns","status":"publish","type":"page","link":"https:\/\/weindl-metall.de\/index.php\/ueber-uns\/","title":{"rendered":"\u00dcber uns"},"content":{"rendered":"<div  class='flex_column av-2q9s-6f17b5c992a1b678057e59e55e41c441 av_one_full  avia-builder-el-0  el_before_av_section  avia-builder-el-no-sibling  first flex_column_div  '     ><style type=\"text\/css\" data-created_by=\"avia_inline_auto\" id=\"style-css-av-lsk5ch52-4ae6c77cd7e3aacf23e854b4da14a85e\">\n#top .av-special-heading.av-lsk5ch52-4ae6c77cd7e3aacf23e854b4da14a85e{\npadding-bottom:10px;\n}\nbody .av-special-heading.av-lsk5ch52-4ae6c77cd7e3aacf23e854b4da14a85e .av-special-heading-tag .heading-char{\nfont-size:25px;\n}\n.av-special-heading.av-lsk5ch52-4ae6c77cd7e3aacf23e854b4da14a85e .av-subheading{\nfont-size:15px;\n}\n<\/style>\n<div  class='av-special-heading av-lsk5ch52-4ae6c77cd7e3aacf23e854b4da14a85e av-special-heading-h1 blockquote modern-quote modern-centered  avia-builder-el-1  avia-builder-el-no-sibling '><h1 class='av-special-heading-tag'  itemprop=\"headline\"  >Unser Meisterbetrieb &#8211; Ihr zuverl\u00e4ssiger Partner<\/h1><div class=\"special-heading-border\"><div class=\"special-heading-inner-border\"><\/div><\/div><\/div><\/div>\n<\/div><\/div><\/div><!-- close content main div --><\/div><\/div>\n<style type=\"text\/css\" data-created_by=\"avia_inline_auto\" id=\"style-css-av-lsk5faq4-d5ba40b63a31b281d73937d48066de60\">\n.avia-section.av-lsk5faq4-d5ba40b63a31b281d73937d48066de60{\nbackground-color:#004983;\nbackground-image:unset;\n}\n<\/style>\n<div id='av_section_1'  class='avia-section av-lsk5faq4-d5ba40b63a31b281d73937d48066de60 main_color avia-section-default avia-no-border-styling  avia-builder-el-2  el_after_av_one_full  el_before_av_section  avia-bg-style-scroll container_wrap sidebar_right'  ><div class='container av-section-cont-open' ><div class='template-page content  av-content-small alpha units'><div class='post-entry post-entry-type-page post-entry-60'><div class='entry-content-wrapper clearfix'>\n<section  class='av_textblock_section av-lsk5g1ft-ad8098d08022355f87bf35a2dccc7f67 '   itemscope=\"itemscope\" itemtype=\"https:\/\/schema.org\/CreativeWork\" ><div class='avia_textblock'  itemprop=\"text\" ><p><span style=\"color: #ffffff;\">Seit fast 40 Jahren leistet unser Meisterbetrieb erstklassige Arbeit f\u00fcr h\u00f6chste Qualit\u00e4tsanspr\u00fcche.<\/span><\/p>\n<p class=\"indent-bot\"><span style=\"color: #ffffff;\">Seit der Gr\u00fcndung im Jahr 1970 durch Josef Weindl sen. werden Kunden\u2013 und Leistungsorientierung bei Weindl &#8220;gro\u00df&#8221; geschrieben. Das Unternehmen wird nun von Josef Weindl jun. und seiner Frau erfolgreich weitergef\u00fchrt. Die Firma Weindl besch\u00e4ftigt derzeit 6 Mitarbeiter und ist zugleich Ausbildungsbetrieb. Wir finden es \u00e4u\u00dferst wichtig jungen Menschen eine berufliche Chance zu geben.<\/span><\/p>\n<\/div><\/section>\n\n<\/div><\/div><\/div><!-- close content main div --><\/div><\/div><div id='av_section_2'  class='avia-section av-gu2c-86cd7f78bc393b3a6fec33aaf7614209 main_color avia-section-default avia-no-border-styling  avia-builder-el-4  el_after_av_section  el_before_av_textblock  avia-bg-style-scroll container_wrap sidebar_right'  ><div class='container av-section-cont-open' ><div class='template-page content  av-content-small alpha units'><div class='post-entry post-entry-type-page post-entry-60'><div class='entry-content-wrapper clearfix'>\n<div  class='flex_column av-utb0-cfc81b265e5cc813a7c1da91d0396c7d av_one_full  avia-builder-el-5  avia-builder-el-no-sibling  first flex_column_div  '     ><div  class='avia-video av-lsk5u0zp-2c8740bc3d1c8e51c4cada26859f8195 avia-video-16-9 av-no-preview-image avia-video-load-always avia-video-html5'  itemprop=\"video\" itemtype=\"https:\/\/schema.org\/VideoObject\"  data-original_url='https:\/\/weindl-metall.de\/wp-content\/uploads\/2024\/02\/IMG_4331.mp4'><video class='avia_video'  autoplay playsinline  preload=\"auto\" muted controls id='player_60_952688680_177114086'><source src='https:\/\/weindl-metall.de\/wp-content\/uploads\/2024\/02\/IMG_4331.mp4' type='video\/mp4' \/><\/video><\/div><\/div><\/div><\/div><\/div><!-- close content main div --><\/div><\/div><div id='after_section_2'  class='main_color av_default_container_wrap container_wrap sidebar_right'  ><div class='container av-section-cont-open' ><div class='template-page content  av-content-small alpha units'><div class='post-entry post-entry-type-page post-entry-60'><div class='entry-content-wrapper clearfix'><section  class='av_textblock_section av-lsk5cd1c-5ff3a72bf6f241c34444fbcc4f245a7e '   itemscope=\"itemscope\" itemtype=\"https:\/\/schema.org\/CreativeWork\" ><div class='avia_textblock'  itemprop=\"text\" ><p class=\"indent-bot\">Im Wandel der Zeit hat sich auch das Leistungsspektrum der Firma Weindl erweitert: Heute wird die Josef Weindl GmbH in ganz Bayern und dar\u00fcber hinaus von ihren Kunden f\u00fcr die konsequent hochwertige Arbeit und Zuverl\u00e4ssigkeit sehr gesch\u00e4tzt. So wurde Josef Weindl jun. sogar nach Jordanien berufen, um dort seine au\u00dfergew\u00f6hnlichen F\u00e4higkeiten als Kunstschlosser einzusetzen.<\/p>\n<p class=\"indent-bot\">Ob Metallbauarbeiten, Fenstereinbauten oder Markisen &#8211; stets wird gr\u00f6\u00dfter Wert auf eine sehr genaue und saubere Arbeitsweise gelegt. Zusammen mit der Verwendung von qualitativ hochwertigen Materialien garantiert dies unseren Kunden einwandfreie Ergebnisse, die auch noch nach vielen Jahren Freude machen.<\/p>\n<p class=\"indent-bot\"><em><strong>Unseren Erfolg verdanken wir vor allem unseren zahlreichen, zufriedenen Kunden<br \/>\n&#8211; setzen auch Sie auf unsere Erfahrung, Leistungsf\u00e4higkeit und Zuverl\u00e4ssigkeit!<\/strong><\/em><\/p>\n<p class=\"indent-bot\"><img loading=\"lazy\" decoding=\"async\" class=\"aligncenter wp-image-62 size-full\" src=\"https:\/\/weindl-metall.de\/wp-content\/uploads\/2017\/08\/fachverband_metall1.jpg\" alt=\"\" width=\"123\" height=\"99\" \/><\/p>\n<\/div><\/section><\/p>\n","protected":false},"excerpt":{"rendered":"","protected":false},"author":1,"featured_media":0,"parent":0,"menu_order":0,"comment_status":"closed","ping_status":"closed","template":"","meta":{"footnotes":""},"class_list":["post-60","page","type-page","status-publish","hentry"],"_links":{"self":[{"href":"https:\/\/weindl-metall.de\/index.php\/wp-json\/wp\/v2\/pages\/60","targetHints":{"allow":["GET"]}}],"collection":[{"href":"https:\/\/weindl-metall.de\/index.php\/wp-json\/wp\/v2\/pages"}],"about":[{"href":"https:\/\/weindl-metall.de\/index.php\/wp-json\/wp\/v2\/types\/page"}],"author":[{"embeddable":true,"href":"https:\/\/weindl-metall.de\/index.php\/wp-json\/wp\/v2\/users\/1"}],"replies":[{"embeddable":true,"href":"https:\/\/weindl-metall.de\/index.php\/wp-json\/wp\/v2\/comments?post=60"}],"version-history":[{"count":12,"href":"https:\/\/weindl-metall.de\/index.php\/wp-json\/wp\/v2\/pages\/60\/revisions"}],"predecessor-version":[{"id":1571,"href":"https:\/\/weindl-metall.de\/index.php\/wp-json\/wp\/v2\/pages\/60\/revisions\/1571"}],"wp:attachment":[{"href":"https:\/\/weindl-metall.de\/index.php\/wp-json\/wp\/v2\/media?parent=60"}],"curies":[{"name":"wp","href":"https:\/\/api.w.org\/{rel}","templated":true}]}}