{"id":71,"date":"2017-08-14T08:35:37","date_gmt":"2017-08-14T06:35:37","guid":{"rendered":"https:\/\/www.weindl-metall.de\/?page_id=71"},"modified":"2017-08-14T08:35:37","modified_gmt":"2017-08-14T06:35:37","slug":"toranlagen","status":"publish","type":"page","link":"https:\/\/weindl-metall.de\/index.php\/ueber-uns\/fragen-und-antworten\/toranlagen\/","title":{"rendered":"Toranlagen"},"content":{"rendered":"<p><strong>Was versteht man unter dem Begriff &#8220;Toranlagen&#8221;?<\/strong><\/p>\n<p>Toranlagen sind meist Abschl\u00fcsse zum Grundst\u00fcck. Im geschlossenen Zustand verhindern sie einen ungehinderten Zugang; man k\u00f6nnte auch sagen, dass Toranlagen eine sch\u00fctzende Zutrittskontrolle darstellen.<\/p>\n<p>Toranlagen (Hoftore) gibt es in verschiedenen Ausf\u00fchrungen und Formen, als einfl\u00fcgelige bzw. zweifl\u00fcgelige Hoftore oder auch als sogenannte Schiebetore. Je nach Gegebenheit vor Ort (Platzverh\u00e4ltnisse, Gel\u00e4ndeformen und Bauvorschriften) wird die f\u00fcr Sie passende Toranlage aus einer Vielzahl von M\u00f6glichkeiten ausgesucht.<\/p>\n<p><strong>Was versteht man unter &#8220;automatische kraftbetriebene Toranlagen&#8221; und wann werden solche &#8220;Torantriebe&#8221; verwendet?<\/strong><\/p>\n<p>Hoftore kann man manuell per Hand, \u00f6ffnen und schlie\u00dfen. Komfortabler geschieht dies einfach per Knopfdruck mittels Handfunksender. die elektrisch betriebene Motoren steuern, die Toranlagen (wie bei Garagentoren) automatisch \u00f6ffnen und schlie\u00dfen.<\/p>\n<p>Automatische Torantriebe lassen sich mittlerweile ederzeit problemlos an bestehenden Toranlagen nachr\u00fcsten.<\/p>\n<p>Die auf dem Markt angebotenen Systeme unterscheidet man in zwei Gruppen von Antrieben: So werden f\u00fcr Fl\u00fcgeltore Oberflurantriebe und Unterflurantriebe angeboten, w\u00e4hrend f\u00fcr Schiebtore ausschlie\u00dflich Oberflurantriebe verwendet werden.<\/p>\n<p>Oberflurantriebe eignen sich f\u00fcr Tore mit Fl\u00fcgelgewichten von ca. 300-400 kg und Fl\u00fcgelweiten bis 3000 mm. Oberflurantriebe werden generell am unteren Rahmenprofil an der Hofseite befestigt. Der Antrieb erfolgt meist \u00fcber eine Zugspindel. Die komplette Antriebseinheit samt Mechanik ist dabei sichtbar.<\/p>\n<p>Unterflurantriebe sitzen komplett b\u00fcndig im fertigen Bodenbelag. Diese Antriebe finden ausschlie\u00dflich bei schweren Torfl\u00fcgeln Verwendung. Der Antrieb erfolgt \u00fcber Hydraulik. Der Aufwand f\u00fcr die Verwendung von Unterflurantrieben ist wesentlich h\u00f6her, da beide Motoreinheiten mittels Hydraulikleitungen miteinander verbunden sind. Der richtige \u00d6ffnungs- Schlie\u00dfzeitpunkt wird elektronisch geregelt. Die wesentlichen Vorteile dieser Unterflurantriebe sind<\/p>\n<p>&nbsp;<\/p>\n<ul>\n<li>besonders f\u00fcr schwere Tore geeignet<\/li>\n<li>keine optisch st\u00f6renden Antriebe<\/li>\n<li>geringerer Verschlei\u00df<\/li>\n<\/ul>\n<p>&nbsp;<\/p>\n<p><strong>Was ist bei &#8220;automatischen kraftbetrieben Toranlagen&#8221; zu beachten? <\/strong><\/p>\n<p>Automatische Torantriebe sind w\u00e4hrend des \u00d6ffnungs- bzw. Schlie\u00dfvorgangs ohne die Verwendung von Sicherheitseinrichtungen zum Teil lebensgef\u00e4hrlich!<\/p>\n<p>Um diese Gefahren zu mindern werden Torantriebe schon werksseitig mit Sicherheitseinrichtungen ausgestattet, die aber alleine noch nicht ausreichend sind. So wird der Hersteller\/ Erbauer (Metallbauer) des Tores vom Gesetzgeber dazu verpflichtet, noch folgende Sicherheitseinrichtungen nach zu r\u00fcsten.<\/p>\n<p>&nbsp;<\/p>\n<ul>\n<li>Sicherheitskontaktleisten an allen Scherkanten am Tor<\/li>\n<li>je 1 Lichtschranke vor und hinter der Toranlage zur Hinderniserkennung<\/li>\n<li>Softstoppfunktion beim Auftreffen auf ein Hindernis<\/li>\n<li>Gelbe Blinklichter, die im automatischen Betrieb warnen.<\/li>\n<\/ul>\n<p>&nbsp;<\/p>\n<p>Oftmals ist der Endverbraucher der Ansicht, dass der Metallbauer f\u00fcr den ordnungsgem\u00e4\u00dfen Betrieb zust\u00e4ndig ist. Hierzu hat der Gesetzgeber festgelegt:<\/p>\n<p><strong>&#8220;Der Betreiber (Eigent\u00fcmer) der Toranlage muss f\u00fcr den sicheren Betrieb seines Torantriebes sorgen. Er kann dies aber per Servicevertrag an seinen Metallbauer delegieren.&#8221; Dieser hat dann die komplette Toranlage samt Torantrieb min. 1 x j\u00e4hrlich zu \u00fcberpr\u00fcfen.<\/strong><\/p>\n<p>Torantriebe d\u00fcrfen nur Speziallisten mit besonderer Schulung montieren und in Betrieb nehmen, bzw. \u00fcberpr\u00fcfen. Diese Speziallisten (bei uns Herr Weindl) haben sich einer Schulung zur Sicherheitskraft f\u00fcr &#8220;kraftbet\u00e4tigte T\u00fcren und Tore&#8221; unterzogen. Lassen Sie sich diese vor Auftragsvergabe zeigen um Sicher zu sein, damit Sie beim Fachmann gelandet sind.<\/p>\n","protected":false},"excerpt":{"rendered":"<p>Was versteht man unter dem Begriff &#8220;Toranlagen&#8221;? Toranlagen sind meist Abschl\u00fcsse zum Grundst\u00fcck. Im geschlossenen Zustand verhindern sie einen ungehinderten Zugang; man k\u00f6nnte auch sagen, dass Toranlagen eine sch\u00fctzende Zutrittskontrolle darstellen. Toranlagen (Hoftore) gibt es in verschiedenen Ausf\u00fchrungen und Formen, als einfl\u00fcgelige bzw. zweifl\u00fcgelige Hoftore oder auch als sogenannte Schiebetore. Je nach Gegebenheit vor Ort [&hellip;]<\/p>\n","protected":false},"author":1,"featured_media":0,"parent":69,"menu_order":0,"comment_status":"closed","ping_status":"closed","template":"","meta":{"footnotes":""},"class_list":["post-71","page","type-page","status-publish","hentry"],"_links":{"self":[{"href":"https:\/\/weindl-metall.de\/index.php\/wp-json\/wp\/v2\/pages\/71","targetHints":{"allow":["GET"]}}],"collection":[{"href":"https:\/\/weindl-metall.de\/index.php\/wp-json\/wp\/v2\/pages"}],"about":[{"href":"https:\/\/weindl-metall.de\/index.php\/wp-json\/wp\/v2\/types\/page"}],"author":[{"embeddable":true,"href":"https:\/\/weindl-metall.de\/index.php\/wp-json\/wp\/v2\/users\/1"}],"replies":[{"embeddable":true,"href":"https:\/\/weindl-metall.de\/index.php\/wp-json\/wp\/v2\/comments?post=71"}],"version-history":[{"count":0,"href":"https:\/\/weindl-metall.de\/index.php\/wp-json\/wp\/v2\/pages\/71\/revisions"}],"up":[{"embeddable":true,"href":"https:\/\/weindl-metall.de\/index.php\/wp-json\/wp\/v2\/pages\/69"}],"wp:attachment":[{"href":"https:\/\/weindl-metall.de\/index.php\/wp-json\/wp\/v2\/media?parent=71"}],"curies":[{"name":"wp","href":"https:\/\/api.w.org\/{rel}","templated":true}]}}