{"id":75,"date":"2017-08-14T08:36:47","date_gmt":"2017-08-14T06:36:47","guid":{"rendered":"https:\/\/www.weindl-metall.de\/?page_id=75"},"modified":"2017-08-14T08:36:47","modified_gmt":"2017-08-14T06:36:47","slug":"edelstahl-rostfrei","status":"publish","type":"page","link":"https:\/\/weindl-metall.de\/index.php\/ueber-uns\/fragen-und-antworten\/edelstahl-rostfrei\/","title":{"rendered":"Edelstahl \/ Rostfrei"},"content":{"rendered":"<p><strong>Was versteht man unter dem Begriff &#8220;Edelstahl&#8221;?<\/strong><\/p>\n<p>Edelstahl ist ein Sammelbegriff von nicht rostenden St\u00e4hlen, deren Chromgehalt min. 10,5 % vorweisen muss. Weitere wichtige Legierungsbestandteile sind Nickel und Molybd\u00e4n. Diese beiden Legierungsbestandteile erh\u00f6hen die Korrosionsbest\u00e4ndigkeit zus\u00e4tzlich. Auf Grund der beiden Legierungsbestandteile Chrom und Nickel spricht man auch von &#8220;Chrom Nickelst\u00e4hlen&#8221;. Alle diese Stahlsorten haben eine deutlich verbesserte Korrosionsbest\u00e4ndigkeit gegen\u00fcber herk\u00f6mmlichem Stahl. Edelstahl wird haupts\u00e4chlich in der Lebensmittelindustrie (da Lebensmittelecht) verwendet. Aber auch Architekten und Bauherrn verwenden Edelstahl in den letzten Jahren vermehrt als gestalterisches Element in ihren Bauobjekten. Jedoch Vorsicht &#8211;<\/p>\n<p><strong>!!! Edelstahl ist nicht gleich Edelstahl!!!<\/strong><\/p>\n<p>So muss der Verarbeiter genau darauf achten, f\u00fcr welchen Verwendungszweck der Edelstahl ben\u00f6tigt wird, um die geeignete Edelstahlsorte zu verwenden. Dies kann auch erhebliche Preissteigerungen mit sich bringen.<\/p>\n<p><strong>Kann Edelstahl rosten?<\/strong><\/p>\n<p>Kurz gesagt: &#8220;JA&#8221;Edelstahl kann bei falscher Verarbeitung, bzw. falschem Verwendungszweck durchaus zu rosten beginnen. Vielfach sind Endverbraucher und Architekten dar\u00fcber verwundert. Wenn Edelstahl zu rosten beginnt, so ist die Verfallszeit wesentlich schneller und aggressiver als bei herk\u00f6mmlichem Stahl. So kann z.B. Edelstahl mit der Bezeichnung V2A (Werkstoffnummer 1.4301) an einem Balkongel\u00e4nder ohne weiteres verbaut werden, w\u00e4hrend der Werkstoff zum Bau eines Gartenzauns ungeeignet ist. Hier w\u00e4re z.B. Edelstahl V4A (Werkstoffnummer 1.4305 s\u00e4urebest\u00e4ndig) besser, da der Stahl besonders im Winter st\u00e4ndig mit Salznebel (Streusalz auf Stra\u00dfen) benetzt wird. Auch hier gilt: Der Verarbeiter muss genau darauf achten, f\u00fcr welchen Verwendungszweck und an welchen Einbauort der Edelstahl ben\u00f6tigt wird, um die geeignete Edelstahlsorte zu verwenden.<\/p>\n<p><strong>Wie wird Edelstahl richtig verarbeitet?<\/strong><\/p>\n<p>Bei der Verarbeitung von Edelstahl ist auf die strikte Trennung der Werkzeuge (f\u00fcr Stahl und f\u00fcr Edelstahl) und des Arbeitsplatzes zu achten. Wird z.B. mit einer Feile Eisen bearbeitet, so kann dieselbe Feile f\u00fcr die Bearbeitung von Edelstahl nicht mehr verwendet werden. Kleinste Eisenteile w\u00fcrden sich an der Oberfl\u00e4che des Edelstahls festsetzen und an dieser Stelle zu rosten beginnen. Ebenso darf Edelstahl nicht \u00fcber Eisen gezogen werden, da sonst der gleiche Effekt eintritt. Nach dem Schwei\u00dfen von Edelstahl, ist die Schwei\u00dfnaht von dem sogenannten Blaubrand (bl\u00e4ulich bis ins gelbe reichende Verf\u00e4rbung der Oberfl\u00e4che) mechanisch zu reinigen. Dieser Blaubrand sieht an der Oberfl\u00e4che nicht nur unsch\u00f6n aus, er stellt auch einen optischen Mangel dar. Ebenso verursacht dieser Blaubrand bei freier Bewitterung Korrosion.<\/p>\n<p><strong>Wie wird Edelstahl richtig gepflegt?<\/strong><\/p>\n<p>Wer glaubt, dass Edelstahl nach erfolgter Grundreinigung keinerlei Pflege mehr braucht, ist einem weit verbreiteten Irrglauben unterlegen. Ein gewisses Ma\u00df an Pflege sollte auch Oberfl\u00e4chen aus Edelstahl zukommen, damit ein gutes optisches Erscheinungsbild erhalten bleibt und Ablagerungen entfernt werden, die die Korrosionsbest\u00e4ndigkeit beintr\u00e4chtigen k\u00f6nnen. Im Au\u00dfenbereich (besonders in der N\u00e4he von Industrieansiedlungen) sollte Edelstahl 2-3 j\u00e4hrlich mit lauwarmen Wasser abgewischt werden, um Chloride und Schwefeloxide zu entfernen. Im Innenbereich geht es vorwiegend um die Vermeidung und Entfernung von Fingerspuren auf den fertigen Oberfl\u00e4chen. Zur Entfernung dieser Fingerspuren ist in der Regel eine lauwarme Sp\u00fclmittell\u00f6sung zur Pflege ausreichend. Zus\u00e4tzlich gibt es im Handel oder bei uns im Fachbetrieb noch spezielle Pflegemittel, die auf \u00d6l- oder Wachsbasis aufgebaut sind und die Oberfl\u00e4che zus\u00e4tzlich sch\u00fctzen bzw. konservieren.<\/p>\n","protected":false},"excerpt":{"rendered":"<p>Was versteht man unter dem Begriff &#8220;Edelstahl&#8221;? Edelstahl ist ein Sammelbegriff von nicht rostenden St\u00e4hlen, deren Chromgehalt min. 10,5 % vorweisen muss. Weitere wichtige Legierungsbestandteile sind Nickel und Molybd\u00e4n. Diese beiden Legierungsbestandteile erh\u00f6hen die Korrosionsbest\u00e4ndigkeit zus\u00e4tzlich. Auf Grund der beiden Legierungsbestandteile Chrom und Nickel spricht man auch von &#8220;Chrom Nickelst\u00e4hlen&#8221;. Alle diese Stahlsorten haben eine [&hellip;]<\/p>\n","protected":false},"author":1,"featured_media":0,"parent":69,"menu_order":0,"comment_status":"closed","ping_status":"closed","template":"","meta":{"footnotes":""},"class_list":["post-75","page","type-page","status-publish","hentry"],"_links":{"self":[{"href":"https:\/\/weindl-metall.de\/index.php\/wp-json\/wp\/v2\/pages\/75","targetHints":{"allow":["GET"]}}],"collection":[{"href":"https:\/\/weindl-metall.de\/index.php\/wp-json\/wp\/v2\/pages"}],"about":[{"href":"https:\/\/weindl-metall.de\/index.php\/wp-json\/wp\/v2\/types\/page"}],"author":[{"embeddable":true,"href":"https:\/\/weindl-metall.de\/index.php\/wp-json\/wp\/v2\/users\/1"}],"replies":[{"embeddable":true,"href":"https:\/\/weindl-metall.de\/index.php\/wp-json\/wp\/v2\/comments?post=75"}],"version-history":[{"count":0,"href":"https:\/\/weindl-metall.de\/index.php\/wp-json\/wp\/v2\/pages\/75\/revisions"}],"up":[{"embeddable":true,"href":"https:\/\/weindl-metall.de\/index.php\/wp-json\/wp\/v2\/pages\/69"}],"wp:attachment":[{"href":"https:\/\/weindl-metall.de\/index.php\/wp-json\/wp\/v2\/media?parent=75"}],"curies":[{"name":"wp","href":"https:\/\/api.w.org\/{rel}","templated":true}]}}