{"id":77,"date":"2017-08-14T08:37:30","date_gmt":"2017-08-14T06:37:30","guid":{"rendered":"https:\/\/www.weindl-metall.de\/?page_id=77"},"modified":"2017-08-14T08:37:30","modified_gmt":"2017-08-14T06:37:30","slug":"lackierte-oberflaechen","status":"publish","type":"page","link":"https:\/\/weindl-metall.de\/index.php\/ueber-uns\/fragen-und-antworten\/lackierte-oberflaechen\/","title":{"rendered":"Lackierte Oberfl\u00e4chen"},"content":{"rendered":"<div>\n<p><strong>Was ist bei lackierten Oberfl\u00e4chen ein optischer Mangel?<\/strong><\/p>\n<p>Ein h\u00e4ufiger Streitpunkt zwischen Bauherren und Fachbetrieb ist oftmals die unterschiedliche Auffassung, was bei fertig lackierten bzw. beschichteten Oberfl\u00e4chen einen Mangel darstellt und was als hinnehmbar anzusehen ist. Grunds\u00e4tzlich ist davon auszugehen, an welchem Einbauort &#8211; also im Innenbereich oder im Au\u00dfenbereich &#8211; sich das Bauteil befindet. Denn danach richtet sich auch der hinzunehmende Mangel. Die Norm f\u00fcr fertig behandelte Oberfl\u00e4chen sagt:<\/p>\n<ul>\n<li>dass im Innenbereich die Fehlstelle bei diffusen Lichtverh\u00e4ltnissen und in einem Abstand von 3 Metern zum betroffenen Bauteil die Fehlstelle mit blo\u00dfem Auge nicht sichtbar sein darf. Ist dies der Fall, dann spricht man von einem hinzunehmenden Mangel.<\/li>\n<li>dass im Au\u00dfenbereich die Fehlstelle bei ebenfalls diffusen Lichtverh\u00e4ltnissen bei einem Abstand von 5 Metern nicht mit blo\u00dfem Auge sichtbar sein darf.<\/li>\n<\/ul>\n<\/div>\n<div>\nAlles was bei n\u00e4herem Betrachtungsabstand durchaus sichtbar ist, ist deshalb ein hinzunehmender Mangel. Das gelieferte Bauteil ist Normgerecht hergestellt bzw. geliefert worden und muss dementsprechend auch verg\u00fctet werden.<\/p>\n<\/div>\n","protected":false},"excerpt":{"rendered":"<p>Was ist bei lackierten Oberfl\u00e4chen ein optischer Mangel? Ein h\u00e4ufiger Streitpunkt zwischen Bauherren und Fachbetrieb ist oftmals die unterschiedliche Auffassung, was bei fertig lackierten bzw. beschichteten Oberfl\u00e4chen einen Mangel darstellt und was als hinnehmbar anzusehen ist. Grunds\u00e4tzlich ist davon auszugehen, an welchem Einbauort &#8211; also im Innenbereich oder im Au\u00dfenbereich &#8211; sich das Bauteil befindet. [&hellip;]<\/p>\n","protected":false},"author":1,"featured_media":0,"parent":69,"menu_order":0,"comment_status":"closed","ping_status":"closed","template":"","meta":{"footnotes":""},"class_list":["post-77","page","type-page","status-publish","hentry"],"_links":{"self":[{"href":"https:\/\/weindl-metall.de\/index.php\/wp-json\/wp\/v2\/pages\/77","targetHints":{"allow":["GET"]}}],"collection":[{"href":"https:\/\/weindl-metall.de\/index.php\/wp-json\/wp\/v2\/pages"}],"about":[{"href":"https:\/\/weindl-metall.de\/index.php\/wp-json\/wp\/v2\/types\/page"}],"author":[{"embeddable":true,"href":"https:\/\/weindl-metall.de\/index.php\/wp-json\/wp\/v2\/users\/1"}],"replies":[{"embeddable":true,"href":"https:\/\/weindl-metall.de\/index.php\/wp-json\/wp\/v2\/comments?post=77"}],"version-history":[{"count":0,"href":"https:\/\/weindl-metall.de\/index.php\/wp-json\/wp\/v2\/pages\/77\/revisions"}],"up":[{"embeddable":true,"href":"https:\/\/weindl-metall.de\/index.php\/wp-json\/wp\/v2\/pages\/69"}],"wp:attachment":[{"href":"https:\/\/weindl-metall.de\/index.php\/wp-json\/wp\/v2\/media?parent=77"}],"curies":[{"name":"wp","href":"https:\/\/api.w.org\/{rel}","templated":true}]}}