{"id":81,"date":"2017-08-14T08:39:00","date_gmt":"2017-08-14T06:39:00","guid":{"rendered":"https:\/\/www.weindl-metall.de\/?page_id=81"},"modified":"2017-08-14T08:39:00","modified_gmt":"2017-08-14T06:39:00","slug":"fenster","status":"publish","type":"page","link":"https:\/\/weindl-metall.de\/index.php\/ueber-uns\/leistungssprektrum\/fenster\/","title":{"rendered":"Fenster"},"content":{"rendered":"<p><img loading=\"lazy\" decoding=\"async\" class=\"alignnone size-full wp-image-701\" src=\"https:\/\/weindl-metall.de\/wp-content\/uploads\/2018\/03\/Fenster.png\" alt=\"\" width=\"205\" height=\"70\" \/><\/p>\n<p>Fenster sind ein unabdingbares gestalterisches Element in Ihrem Haus oder in Ihrer Wohnung. Wir und unsere Kunden sind \u00fcberzeugt von der hohen Qualit\u00e4t der Fenster und T\u00fcren der Firma Bayerwald. Sie geben Sicherheit durch neueste Standards und helfen, wertvolle Energie zu sparen.<\/p>\n<p>Altbausanierungen geh\u00f6ren zu unseren Spezialgebieten. Gerne beraten wir Sie ausf\u00fchrlich und zeigen Ihnen die verschiedenen Produktvarianten, die f\u00fcr Ihr Vorhaben geeignet sind.<\/p>\n","protected":false},"excerpt":{"rendered":"<p>Fenster sind ein unabdingbares gestalterisches Element in Ihrem Haus oder in Ihrer Wohnung. Wir und unsere Kunden sind \u00fcberzeugt von der hohen Qualit\u00e4t der Fenster und T\u00fcren der Firma Bayerwald. Sie geben Sicherheit durch neueste Standards und helfen, wertvolle Energie zu sparen. Altbausanierungen geh\u00f6ren zu unseren Spezialgebieten. Gerne beraten wir Sie ausf\u00fchrlich und zeigen Ihnen [&hellip;]<\/p>\n","protected":false},"author":1,"featured_media":0,"parent":112,"menu_order":0,"comment_status":"closed","ping_status":"closed","template":"","meta":{"footnotes":""},"class_list":["post-81","page","type-page","status-publish","hentry"],"_links":{"self":[{"href":"https:\/\/weindl-metall.de\/index.php\/wp-json\/wp\/v2\/pages\/81","targetHints":{"allow":["GET"]}}],"collection":[{"href":"https:\/\/weindl-metall.de\/index.php\/wp-json\/wp\/v2\/pages"}],"about":[{"href":"https:\/\/weindl-metall.de\/index.php\/wp-json\/wp\/v2\/types\/page"}],"author":[{"embeddable":true,"href":"https:\/\/weindl-metall.de\/index.php\/wp-json\/wp\/v2\/users\/1"}],"replies":[{"embeddable":true,"href":"https:\/\/weindl-metall.de\/index.php\/wp-json\/wp\/v2\/comments?post=81"}],"version-history":[{"count":0,"href":"https:\/\/weindl-metall.de\/index.php\/wp-json\/wp\/v2\/pages\/81\/revisions"}],"up":[{"embeddable":true,"href":"https:\/\/weindl-metall.de\/index.php\/wp-json\/wp\/v2\/pages\/112"}],"wp:attachment":[{"href":"https:\/\/weindl-metall.de\/index.php\/wp-json\/wp\/v2\/media?parent=81"}],"curies":[{"name":"wp","href":"https:\/\/api.w.org\/{rel}","templated":true}]}}