{"id":83,"date":"2017-08-14T08:39:29","date_gmt":"2017-08-14T06:39:29","guid":{"rendered":"https:\/\/www.weindl-metall.de\/?page_id=83"},"modified":"2017-08-14T08:39:29","modified_gmt":"2017-08-14T06:39:29","slug":"haustueren","status":"publish","type":"page","link":"https:\/\/weindl-metall.de\/index.php\/ueber-uns\/leistungssprektrum\/haustueren\/","title":{"rendered":"Haust\u00fcren"},"content":{"rendered":"<p><img loading=\"lazy\" decoding=\"async\" class=\"alignnone size-full wp-image-705\" src=\"https:\/\/weindl-metall.de\/wp-content\/uploads\/2018\/03\/Haustuer.png\" alt=\"\" width=\"201\" height=\"70\" \/><\/p>\n<p>Eine repr\u00e4sentative Haust\u00fcre vermittelt schon am Eingang einen ersten positiven Eindruck.<\/p>\n<p>Ihren W\u00fcnschen sind keine Grenzen gesetzt &#8211; wir bieten Ihnen eine gro\u00dfe Vielfalt an T\u00fcren der Firma Bayerwald an &#8211; ob Kunststoff, Holz, Aluminium oder Holz in Verbindung mit Aluminium.<\/p>\n<p>Sicherheit (Tresorband) spielt eine immer gr\u00f6\u00dfer werdende Rolle. Als Gebietsfachh\u00e4ndler f\u00fcr Bayerwald Fenster und T\u00fcren k\u00f6nnen wir sie optimal zu den neuesten Standards in diesem Bereich informieren.<\/p>\n","protected":false},"excerpt":{"rendered":"<p>Eine repr\u00e4sentative Haust\u00fcre vermittelt schon am Eingang einen ersten positiven Eindruck. Ihren W\u00fcnschen sind keine Grenzen gesetzt &#8211; wir bieten Ihnen eine gro\u00dfe Vielfalt an T\u00fcren der Firma Bayerwald an &#8211; ob Kunststoff, Holz, Aluminium oder Holz in Verbindung mit Aluminium. Sicherheit (Tresorband) spielt eine immer gr\u00f6\u00dfer werdende Rolle. Als Gebietsfachh\u00e4ndler f\u00fcr Bayerwald Fenster und [&hellip;]<\/p>\n","protected":false},"author":1,"featured_media":0,"parent":112,"menu_order":0,"comment_status":"closed","ping_status":"closed","template":"","meta":{"footnotes":""},"class_list":["post-83","page","type-page","status-publish","hentry"],"_links":{"self":[{"href":"https:\/\/weindl-metall.de\/index.php\/wp-json\/wp\/v2\/pages\/83","targetHints":{"allow":["GET"]}}],"collection":[{"href":"https:\/\/weindl-metall.de\/index.php\/wp-json\/wp\/v2\/pages"}],"about":[{"href":"https:\/\/weindl-metall.de\/index.php\/wp-json\/wp\/v2\/types\/page"}],"author":[{"embeddable":true,"href":"https:\/\/weindl-metall.de\/index.php\/wp-json\/wp\/v2\/users\/1"}],"replies":[{"embeddable":true,"href":"https:\/\/weindl-metall.de\/index.php\/wp-json\/wp\/v2\/comments?post=83"}],"version-history":[{"count":0,"href":"https:\/\/weindl-metall.de\/index.php\/wp-json\/wp\/v2\/pages\/83\/revisions"}],"up":[{"embeddable":true,"href":"https:\/\/weindl-metall.de\/index.php\/wp-json\/wp\/v2\/pages\/112"}],"wp:attachment":[{"href":"https:\/\/weindl-metall.de\/index.php\/wp-json\/wp\/v2\/media?parent=83"}],"curies":[{"name":"wp","href":"https:\/\/api.w.org\/{rel}","templated":true}]}}