{"id":85,"date":"2017-08-14T08:39:50","date_gmt":"2017-08-14T06:39:50","guid":{"rendered":"https:\/\/www.weindl-metall.de\/?page_id=85"},"modified":"2017-08-14T08:39:50","modified_gmt":"2017-08-14T06:39:50","slug":"vordaecher","status":"publish","type":"page","link":"https:\/\/weindl-metall.de\/index.php\/ueber-uns\/leistungssprektrum\/vordaecher\/","title":{"rendered":"Vord\u00e4cher"},"content":{"rendered":"<p>Das <strong>Vordach<\/strong> eines Hauses ist wie ein erstes &#8220;Willkommen&#8221;.<\/p>\n<p>Es gibt dem Haus ein freundlicheres und wohnlicheres Aussehen. Sie haben die Auswahl von Elegant \u00fcber Modern bis hinzu Rustikal \u2013 wir fertigen alles genau nach Ihren W\u00fcnschen und Vorstellungen an!<\/p>\n<p><strong>Stahl-Glas-Konstruktionen<\/strong> Die Integration von Stahl und Glas bietet Ihnen reizvolle M\u00f6glichkeiten in Gestaltung und Funktion.Unser Fertigungsspektrum reicht von Terrassen\u00fcberdachungen, Eingangs\u00fcberdachungen bis hin zu vorgesetzten Balkonen.<\/p>\n","protected":false},"excerpt":{"rendered":"<p>Das Vordach eines Hauses ist wie ein erstes &#8220;Willkommen&#8221;. Es gibt dem Haus ein freundlicheres und wohnlicheres Aussehen. Sie haben die Auswahl von Elegant \u00fcber Modern bis hinzu Rustikal \u2013 wir fertigen alles genau nach Ihren W\u00fcnschen und Vorstellungen an! Stahl-Glas-Konstruktionen Die Integration von Stahl und Glas bietet Ihnen reizvolle M\u00f6glichkeiten in Gestaltung und Funktion.Unser [&hellip;]<\/p>\n","protected":false},"author":1,"featured_media":0,"parent":112,"menu_order":0,"comment_status":"closed","ping_status":"closed","template":"","meta":{"footnotes":""},"class_list":["post-85","page","type-page","status-publish","hentry"],"_links":{"self":[{"href":"https:\/\/weindl-metall.de\/index.php\/wp-json\/wp\/v2\/pages\/85","targetHints":{"allow":["GET"]}}],"collection":[{"href":"https:\/\/weindl-metall.de\/index.php\/wp-json\/wp\/v2\/pages"}],"about":[{"href":"https:\/\/weindl-metall.de\/index.php\/wp-json\/wp\/v2\/types\/page"}],"author":[{"embeddable":true,"href":"https:\/\/weindl-metall.de\/index.php\/wp-json\/wp\/v2\/users\/1"}],"replies":[{"embeddable":true,"href":"https:\/\/weindl-metall.de\/index.php\/wp-json\/wp\/v2\/comments?post=85"}],"version-history":[{"count":0,"href":"https:\/\/weindl-metall.de\/index.php\/wp-json\/wp\/v2\/pages\/85\/revisions"}],"up":[{"embeddable":true,"href":"https:\/\/weindl-metall.de\/index.php\/wp-json\/wp\/v2\/pages\/112"}],"wp:attachment":[{"href":"https:\/\/weindl-metall.de\/index.php\/wp-json\/wp\/v2\/media?parent=85"}],"curies":[{"name":"wp","href":"https:\/\/api.w.org\/{rel}","templated":true}]}}