{"id":91,"date":"2017-08-14T08:41:14","date_gmt":"2017-08-14T06:41:14","guid":{"rendered":"https:\/\/www.weindl-metall.de\/?page_id=91"},"modified":"2017-08-14T08:41:14","modified_gmt":"2017-08-14T06:41:14","slug":"gartentueren","status":"publish","type":"page","link":"https:\/\/weindl-metall.de\/index.php\/ueber-uns\/leistungssprektrum\/gartentueren\/","title":{"rendered":"Gartent\u00fcren"},"content":{"rendered":"<p>Eine sch\u00f6ne, passende Gartent\u00fcr wertet das Erscheinungsbild Ihres Anwesens deutlich auf. Ob modern, rustikal oder elegant, wir fertigen Gartent\u00fcren &#8220;f\u00fcr&#8217;s Leben&#8221; auf h\u00f6chstem Qualit\u00e4tsniveau.<\/p>\n<p>Bei Fragen zu einzelnen Produkten oder Leistungen erstellen wir Ihnen gerne ein unverbindliches Angebot. \u00dcberzeugen Sie sich von unserem ausgezeichneten Preis- Leistungsverh\u00e4ltnis!<\/p>\n","protected":false},"excerpt":{"rendered":"<p>Eine sch\u00f6ne, passende Gartent\u00fcr wertet das Erscheinungsbild Ihres Anwesens deutlich auf. Ob modern, rustikal oder elegant, wir fertigen Gartent\u00fcren &#8220;f\u00fcr&#8217;s Leben&#8221; auf h\u00f6chstem Qualit\u00e4tsniveau. Bei Fragen zu einzelnen Produkten oder Leistungen erstellen wir Ihnen gerne ein unverbindliches Angebot. \u00dcberzeugen Sie sich von unserem ausgezeichneten Preis- Leistungsverh\u00e4ltnis!<\/p>\n","protected":false},"author":1,"featured_media":0,"parent":112,"menu_order":0,"comment_status":"closed","ping_status":"closed","template":"","meta":{"footnotes":""},"class_list":["post-91","page","type-page","status-publish","hentry"],"_links":{"self":[{"href":"https:\/\/weindl-metall.de\/index.php\/wp-json\/wp\/v2\/pages\/91","targetHints":{"allow":["GET"]}}],"collection":[{"href":"https:\/\/weindl-metall.de\/index.php\/wp-json\/wp\/v2\/pages"}],"about":[{"href":"https:\/\/weindl-metall.de\/index.php\/wp-json\/wp\/v2\/types\/page"}],"author":[{"embeddable":true,"href":"https:\/\/weindl-metall.de\/index.php\/wp-json\/wp\/v2\/users\/1"}],"replies":[{"embeddable":true,"href":"https:\/\/weindl-metall.de\/index.php\/wp-json\/wp\/v2\/comments?post=91"}],"version-history":[{"count":0,"href":"https:\/\/weindl-metall.de\/index.php\/wp-json\/wp\/v2\/pages\/91\/revisions"}],"up":[{"embeddable":true,"href":"https:\/\/weindl-metall.de\/index.php\/wp-json\/wp\/v2\/pages\/112"}],"wp:attachment":[{"href":"https:\/\/weindl-metall.de\/index.php\/wp-json\/wp\/v2\/media?parent=91"}],"curies":[{"name":"wp","href":"https:\/\/api.w.org\/{rel}","templated":true}]}}