{"id":93,"date":"2017-08-14T08:41:34","date_gmt":"2017-08-14T06:41:34","guid":{"rendered":"https:\/\/www.weindl-metall.de\/?page_id=93"},"modified":"2017-08-14T08:41:34","modified_gmt":"2017-08-14T06:41:34","slug":"markisen","status":"publish","type":"page","link":"https:\/\/weindl-metall.de\/index.php\/ueber-uns\/leistungssprektrum\/markisen\/","title":{"rendered":"Markisen"},"content":{"rendered":"<p>Machen Sie jeden Tag von Fr\u00fchling bis Herbst Urlaub auf Ihrer Terrasse!<\/p>\n<p>Durch unsere Markisen haben Sie nicht nur optimalen Sonnenschutz auf Terrasse, Balkon oder Wintergarten: Sie erweitern Ihr Haus um eine zus\u00e4tzliche Wohnfl\u00e4che im Freien!<\/p>\n<p>Markisen sch\u00fctzen optimal vor Mittagshitze, Abendsonne oder Regen. Wir bieten Ihnen eine gro\u00dfe Auswahl an verschiedensten Markisentypen und Markisent\u00fcchern \u2013 stellen Sie bei uns Ihre Traummarkise zusammen!<\/p>\n<p>Unsere Qualit\u00e4tsmarkisen der Marke Erhardt sind attraktiv, langlebig und gen\u00fcgen h\u00f6chsten Anspr\u00fcchen. Selbstverst\u00e4ndlich montieren wir Ihre Markise fachgerecht und sorgen damit f\u00fcr optimalen Halt und ein langes Markisenleben &#8211; z.B. Sunsilk-Tuch mit Nanoeffekt d.h. extrem Schmutz- und Wasserabweisend, h\u00f6chst rei\u00dffest, h\u00f6chste UV Licht- und Wetterechtheit.<\/p>\n","protected":false},"excerpt":{"rendered":"<p>Machen Sie jeden Tag von Fr\u00fchling bis Herbst Urlaub auf Ihrer Terrasse! Durch unsere Markisen haben Sie nicht nur optimalen Sonnenschutz auf Terrasse, Balkon oder Wintergarten: Sie erweitern Ihr Haus um eine zus\u00e4tzliche Wohnfl\u00e4che im Freien! Markisen sch\u00fctzen optimal vor Mittagshitze, Abendsonne oder Regen. Wir bieten Ihnen eine gro\u00dfe Auswahl an verschiedensten Markisentypen und Markisent\u00fcchern [&hellip;]<\/p>\n","protected":false},"author":1,"featured_media":0,"parent":112,"menu_order":0,"comment_status":"closed","ping_status":"closed","template":"","meta":{"footnotes":""},"class_list":["post-93","page","type-page","status-publish","hentry"],"_links":{"self":[{"href":"https:\/\/weindl-metall.de\/index.php\/wp-json\/wp\/v2\/pages\/93","targetHints":{"allow":["GET"]}}],"collection":[{"href":"https:\/\/weindl-metall.de\/index.php\/wp-json\/wp\/v2\/pages"}],"about":[{"href":"https:\/\/weindl-metall.de\/index.php\/wp-json\/wp\/v2\/types\/page"}],"author":[{"embeddable":true,"href":"https:\/\/weindl-metall.de\/index.php\/wp-json\/wp\/v2\/users\/1"}],"replies":[{"embeddable":true,"href":"https:\/\/weindl-metall.de\/index.php\/wp-json\/wp\/v2\/comments?post=93"}],"version-history":[{"count":0,"href":"https:\/\/weindl-metall.de\/index.php\/wp-json\/wp\/v2\/pages\/93\/revisions"}],"up":[{"embeddable":true,"href":"https:\/\/weindl-metall.de\/index.php\/wp-json\/wp\/v2\/pages\/112"}],"wp:attachment":[{"href":"https:\/\/weindl-metall.de\/index.php\/wp-json\/wp\/v2\/media?parent=93"}],"curies":[{"name":"wp","href":"https:\/\/api.w.org\/{rel}","templated":true}]}}