{"id":95,"date":"2017-08-14T08:41:52","date_gmt":"2017-08-14T06:41:52","guid":{"rendered":"https:\/\/www.weindl-metall.de\/?page_id=95"},"modified":"2017-08-14T08:41:52","modified_gmt":"2017-08-14T06:41:52","slug":"beschattungen","status":"publish","type":"page","link":"https:\/\/weindl-metall.de\/index.php\/ueber-uns\/leistungssprektrum\/beschattungen\/","title":{"rendered":"Beschattungen"},"content":{"rendered":"<p>&#8230;verl\u00e4ngern Sie Ihre Zeit im Freien durch spezielle Zusatzausstattungen f\u00fcr Ihre Terasse:<\/p>\n<p>Machen Sie es sich bequem \u2013 Elektromotoren erleichtern Ihnen das Ein- und Ausfahren. Per Funksender oder durch eine intelligente Wetterautomatik k\u00f6nnen Sie alles komfortabel und sicher steuern. Mittels Licht und Heizstrahler schaffen Sie eine wohlige Atmosph\u00e4re.<\/p>\n<p>Zum Beispiel mit einer Seitenmarkise schaffen Sie ganz flexible, seitliche Begrenzungen f\u00fcr Ihren Lieblingsplatz an der Sonne. Wir beraten Sie gerne ausf\u00fchrlich und finden mit Ihnen die perfekte L\u00f6sung.<\/p>\n","protected":false},"excerpt":{"rendered":"<p>&#8230;verl\u00e4ngern Sie Ihre Zeit im Freien durch spezielle Zusatzausstattungen f\u00fcr Ihre Terasse: Machen Sie es sich bequem \u2013 Elektromotoren erleichtern Ihnen das Ein- und Ausfahren. Per Funksender oder durch eine intelligente Wetterautomatik k\u00f6nnen Sie alles komfortabel und sicher steuern. Mittels Licht und Heizstrahler schaffen Sie eine wohlige Atmosph\u00e4re. Zum Beispiel mit einer Seitenmarkise schaffen Sie [&hellip;]<\/p>\n","protected":false},"author":1,"featured_media":0,"parent":112,"menu_order":0,"comment_status":"closed","ping_status":"closed","template":"","meta":{"footnotes":""},"class_list":["post-95","page","type-page","status-publish","hentry"],"_links":{"self":[{"href":"https:\/\/weindl-metall.de\/index.php\/wp-json\/wp\/v2\/pages\/95","targetHints":{"allow":["GET"]}}],"collection":[{"href":"https:\/\/weindl-metall.de\/index.php\/wp-json\/wp\/v2\/pages"}],"about":[{"href":"https:\/\/weindl-metall.de\/index.php\/wp-json\/wp\/v2\/types\/page"}],"author":[{"embeddable":true,"href":"https:\/\/weindl-metall.de\/index.php\/wp-json\/wp\/v2\/users\/1"}],"replies":[{"embeddable":true,"href":"https:\/\/weindl-metall.de\/index.php\/wp-json\/wp\/v2\/comments?post=95"}],"version-history":[{"count":0,"href":"https:\/\/weindl-metall.de\/index.php\/wp-json\/wp\/v2\/pages\/95\/revisions"}],"up":[{"embeddable":true,"href":"https:\/\/weindl-metall.de\/index.php\/wp-json\/wp\/v2\/pages\/112"}],"wp:attachment":[{"href":"https:\/\/weindl-metall.de\/index.php\/wp-json\/wp\/v2\/media?parent=95"}],"curies":[{"name":"wp","href":"https:\/\/api.w.org\/{rel}","templated":true}]}}