{"id":97,"date":"2017-08-14T08:42:17","date_gmt":"2017-08-14T06:42:17","guid":{"rendered":"https:\/\/www.weindl-metall.de\/?page_id=97"},"modified":"2017-08-14T08:42:17","modified_gmt":"2017-08-14T06:42:17","slug":"terrassenueberdachung","status":"publish","type":"page","link":"https:\/\/weindl-metall.de\/index.php\/ueber-uns\/leistungssprektrum\/terrassenueberdachung\/","title":{"rendered":"Terrassen\u00fcberdachung"},"content":{"rendered":"<p>\u00dcberdachungen aus Stahl- und Aluminium-Profilen erm\u00f6glichen eine besonders langlebige, filigrane und statisch sichere Bauweise im Gegensatz zu Holzkonstruktionen.<\/p>\n<p>Stahl und Glas harmonieren in besonderer Weise und bieten Ihnen Schutz vor Wind und Wetter. Wir bieten Ihnen pulverbeschichtete Konstruktionen (Auswahl von mehr als 700 RAL Farbt\u00f6nen) passend zu Ihrem Haus an.<\/p>\n","protected":false},"excerpt":{"rendered":"<p>\u00dcberdachungen aus Stahl- und Aluminium-Profilen erm\u00f6glichen eine besonders langlebige, filigrane und statisch sichere Bauweise im Gegensatz zu Holzkonstruktionen. Stahl und Glas harmonieren in besonderer Weise und bieten Ihnen Schutz vor Wind und Wetter. Wir bieten Ihnen pulverbeschichtete Konstruktionen (Auswahl von mehr als 700 RAL Farbt\u00f6nen) passend zu Ihrem Haus an.<\/p>\n","protected":false},"author":1,"featured_media":0,"parent":112,"menu_order":0,"comment_status":"closed","ping_status":"closed","template":"","meta":{"footnotes":""},"class_list":["post-97","page","type-page","status-publish","hentry"],"_links":{"self":[{"href":"https:\/\/weindl-metall.de\/index.php\/wp-json\/wp\/v2\/pages\/97","targetHints":{"allow":["GET"]}}],"collection":[{"href":"https:\/\/weindl-metall.de\/index.php\/wp-json\/wp\/v2\/pages"}],"about":[{"href":"https:\/\/weindl-metall.de\/index.php\/wp-json\/wp\/v2\/types\/page"}],"author":[{"embeddable":true,"href":"https:\/\/weindl-metall.de\/index.php\/wp-json\/wp\/v2\/users\/1"}],"replies":[{"embeddable":true,"href":"https:\/\/weindl-metall.de\/index.php\/wp-json\/wp\/v2\/comments?post=97"}],"version-history":[{"count":0,"href":"https:\/\/weindl-metall.de\/index.php\/wp-json\/wp\/v2\/pages\/97\/revisions"}],"up":[{"embeddable":true,"href":"https:\/\/weindl-metall.de\/index.php\/wp-json\/wp\/v2\/pages\/112"}],"wp:attachment":[{"href":"https:\/\/weindl-metall.de\/index.php\/wp-json\/wp\/v2\/media?parent=97"}],"curies":[{"name":"wp","href":"https:\/\/api.w.org\/{rel}","templated":true}]}}