{"id":99,"date":"2017-08-14T08:42:42","date_gmt":"2017-08-14T06:42:42","guid":{"rendered":"https:\/\/www.weindl-metall.de\/?page_id=99"},"modified":"2017-08-14T08:42:42","modified_gmt":"2017-08-14T06:42:42","slug":"stahlbau","status":"publish","type":"page","link":"https:\/\/weindl-metall.de\/index.php\/ueber-uns\/leistungssprektrum\/stahlbau\/","title":{"rendered":"Stahlbau"},"content":{"rendered":"<p>Unsere Leistungen im Stahlbau Freitragende Stahl- Treppenkonstruktionen<\/p>\n<p>Carports<br \/>\nMessebau<br \/>\nFluchtleitern \/ Feuertreppen<br \/>\nZwischenb\u00f6den \/ Trennw\u00e4nde<br \/>\n\u00dcberdachte Abfahrten an Tiefgaragen<\/p>\n<p>Umbauten und Reparaturen an Geb\u00e4uden und Maschinen<\/p>\n","protected":false},"excerpt":{"rendered":"<p>Unsere Leistungen im Stahlbau Freitragende Stahl- Treppenkonstruktionen Carports Messebau Fluchtleitern \/ Feuertreppen Zwischenb\u00f6den \/ Trennw\u00e4nde \u00dcberdachte Abfahrten an Tiefgaragen Umbauten und Reparaturen an Geb\u00e4uden und Maschinen<\/p>\n","protected":false},"author":1,"featured_media":0,"parent":112,"menu_order":0,"comment_status":"closed","ping_status":"closed","template":"","meta":{"footnotes":""},"class_list":["post-99","page","type-page","status-publish","hentry"],"_links":{"self":[{"href":"https:\/\/weindl-metall.de\/index.php\/wp-json\/wp\/v2\/pages\/99","targetHints":{"allow":["GET"]}}],"collection":[{"href":"https:\/\/weindl-metall.de\/index.php\/wp-json\/wp\/v2\/pages"}],"about":[{"href":"https:\/\/weindl-metall.de\/index.php\/wp-json\/wp\/v2\/types\/page"}],"author":[{"embeddable":true,"href":"https:\/\/weindl-metall.de\/index.php\/wp-json\/wp\/v2\/users\/1"}],"replies":[{"embeddable":true,"href":"https:\/\/weindl-metall.de\/index.php\/wp-json\/wp\/v2\/comments?post=99"}],"version-history":[{"count":0,"href":"https:\/\/weindl-metall.de\/index.php\/wp-json\/wp\/v2\/pages\/99\/revisions"}],"up":[{"embeddable":true,"href":"https:\/\/weindl-metall.de\/index.php\/wp-json\/wp\/v2\/pages\/112"}],"wp:attachment":[{"href":"https:\/\/weindl-metall.de\/index.php\/wp-json\/wp\/v2\/media?parent=99"}],"curies":[{"name":"wp","href":"https:\/\/api.w.org\/{rel}","templated":true}]}}